{"id":981,"date":"2021-01-19T15:02:07","date_gmt":"2021-01-19T15:02:07","guid":{"rendered":"http:\/\/multiples-store.de\/?post_type=product&#038;p=981"},"modified":"2021-01-19T15:03:56","modified_gmt":"2021-01-19T15:03:56","slug":"lieblingsbluse-von-costume-national","status":"publish","type":"product","link":"https:\/\/multiples-store.de\/?product=lieblingsbluse-von-costume-national","title":{"rendered":"Lieblingsbluse von CoSTUME NATIONAL"},"content":{"rendered":"<p>Meine Lieblingsbluse ist mir leider an der Schulter und den Armen etwas zu eng, da ich zwar schmal, aber muskul\u00f6s bin. Ich trage \u00fcblicherweise 34-36, hier ist es die italienische Gr\u00f6\u00dfe 40. Sie sollte also schmalen Frauen mit eher schmalen Schultern und Armen gut passen.<\/p>\n<p>Die Bluse ist aus einem feinen Baumwollstoff in cremewei\u00df mit Streifen an der Oberseite der \u00c4rmel und im unteren Drittel mit einem fein strukturirten Stoff ebenfalls mit Streifen versehen. Eine verdeckte Knopfleiste mit einem violetten Schmuckknopf am Kragenabschluss sowie an den Manschetten.<\/p>\n<p>100% Baumwolle sowie 72% Baumwolle und 25% Viskose, waschbar bei 40\u00b0, hergestellt in Italien von CoSTUME NATIONAL.<\/p>\n<p>Wenig getragen ohne Gebrauchsspuren und Sch\u00e4den.<\/p>\n","protected":false},"excerpt":{"rendered":"<p>Italienische Gr\u00f6\u00dfe 40. Sie sollte also schmalen Frauen mit eher schmalen Schultern und Armen gut passen.<\/p>\n<p>Die Bluse aus einem feinen Baumwollstoff in cremewei\u00df mit Streifen an der Oberseite der \u00c4rmel und im unteren Drittel mit einem fein strukturierten Stoff ebenfalls mit Streifen. Verdeckte Knopfleiste mit violettem Schmuckknopf am Kragenabschluss sowie an den Manschetten.<\/p>\n<p>100% Baumwolle sowie 72% Baumwolle und 25% Viskose, waschbar bei 40\u00b0, hergestellt in Italien von CoSTUME NATIONAL.<\/p>\n<p>Wenig getragen ohne Gebrauchsspuren und Sch\u00e4den.<\/p>\n","protected":false},"featured_media":988,"comment_status":"open","ping_status":"closed","template":"","meta":{"jetpack_publicize_message":"","jetpack_is_tweetstorm":false,"jetpack_publicize_feature_enabled":true},"product_cat":[178],"product_tag":[179,182,184,183,180,181],"jetpack_publicize_connections":[],"jetpack_sharing_enabled":true,"_links":{"self":[{"href":"https:\/\/multiples-store.de\/index.php?rest_route=\/wp\/v2\/product\/981"}],"collection":[{"href":"https:\/\/multiples-store.de\/index.php?rest_route=\/wp\/v2\/product"}],"about":[{"href":"https:\/\/multiples-store.de\/index.php?rest_route=\/wp\/v2\/types\/product"}],"replies":[{"embeddable":true,"href":"https:\/\/multiples-store.de\/index.php?rest_route=%2Fwp%2Fv2%2Fcomments&post=981"}],"wp:featuredmedia":[{"embeddable":true,"href":"https:\/\/multiples-store.de\/index.php?rest_route=\/wp\/v2\/media\/988"}],"wp:attachment":[{"href":"https:\/\/multiples-store.de\/index.php?rest_route=%2Fwp%2Fv2%2Fmedia&parent=981"}],"wp:term":[{"taxonomy":"product_cat","embeddable":true,"href":"https:\/\/multiples-store.de\/index.php?rest_route=%2Fwp%2Fv2%2Fproduct_cat&post=981"},{"taxonomy":"product_tag","embeddable":true,"href":"https:\/\/multiples-store.de\/index.php?rest_route=%2Fwp%2Fv2%2Fproduct_tag&post=981"}],"curies":[{"name":"wp","href":"https:\/\/api.w.org\/{rel}","templated":true}]}}