{"id":966,"date":"2020-12-01T14:48:20","date_gmt":"2020-12-01T14:48:20","guid":{"rendered":"http:\/\/multiples-store.de\/?post_type=product&#038;p=966"},"modified":"2022-09-15T10:35:21","modified_gmt":"2022-09-15T10:35:21","slug":"gutschein-fuer-den-supperclubdreesch7","status":"publish","type":"product","link":"https:\/\/multiples-store.de\/?product=gutschein-fuer-den-supperclubdreesch7","title":{"rendered":"Gutschein f\u00fcr den SupperClub@Dreesch7"},"content":{"rendered":"<h2>SupperClub@Dreesch7 &#8211; preisgekr\u00f6ntes privates Restaurant!<\/h2>\n<h4>Sch\u00f6n Essen in der Uckermark! Privates Restaurant mit Produkten aus dem Garten, Fleisch aus nachhaltiger Aufzucht und Fisch aus den Seen der Region. Alles frisch und hausgemacht und mit Liebe zubereitet auf dem Hof Dreesch7.<\/h4>\n<p>Die SupperClubs@Dreesch7 finden regelm\u00e4\u00dfig am letzten Samstag im Monat statt. Im Dezember haben wir eine kleine Winterpause, weiter geht es dann wieder am 30. Januar 2021. In den kalten Monaten findet der SuperClub@Dreesch7 in der Tenne statt. Maximal 8 Pl\u00e4tze und ein Luftfiltersystem erm\u00f6glichen Ihnen einen unbeschwerten und sicheren Aufenthalt.<\/p>\n<p><span style=\"color: #000000;\">Es wird gegessen, was auf den Tisch kommt. Regionales und Saisonales kommt in die T\u00f6pfe. Eine Woche vorher ist es klar. Das 5-Gang-Men\u00fc steht fest. <span style=\"color: #008000;\"><strong><a style=\"color: #008000;\" href=\"https:\/\/dreesch-sieben.de\/supperclubdreesch7\/\" target=\"_blank\" rel=\"noopener noreferrer\">Reservieren<\/a><\/strong><\/span> Sie schnell Ihren Termin, sonst bleiben Sie hungrig.<\/span><\/p>\n<p>Der Gutschein (1 Person) ist bis zum 31.12.2021 einl\u00f6sbar.<\/p>\n<p>&nbsp;<\/p>\n","protected":false},"excerpt":{"rendered":"<p><strong>SupperClub@Dreesch7 &#8211; preisgekr\u00f6ntes privates Restaurant!<\/strong><\/p>\n<p>Es wird gegessen, was auf den Tisch kommt. Regionales und Saisonales kommt in die T\u00f6pfe. Eine Woche vorher ist es klar. Das 5-Gang-Men\u00fc steht fest. Bitte reservieren Sie Ihren Termin rechtzeitig \u00fcber unsere Webseite: https:\/\/dreesch-sieben.de\/supperclubdreesch7\/<\/p>\n<p>&nbsp;<\/p>\n","protected":false},"featured_media":1484,"comment_status":"open","ping_status":"closed","template":"","meta":{"jetpack_publicize_message":"","jetpack_is_tweetstorm":false,"jetpack_publicize_feature_enabled":true},"product_cat":[163],"product_tag":[168,174,175,159,169,167,166,173,161],"jetpack_publicize_connections":[],"jetpack_sharing_enabled":true,"_links":{"self":[{"href":"https:\/\/multiples-store.de\/index.php?rest_route=\/wp\/v2\/product\/966"}],"collection":[{"href":"https:\/\/multiples-store.de\/index.php?rest_route=\/wp\/v2\/product"}],"about":[{"href":"https:\/\/multiples-store.de\/index.php?rest_route=\/wp\/v2\/types\/product"}],"replies":[{"embeddable":true,"href":"https:\/\/multiples-store.de\/index.php?rest_route=%2Fwp%2Fv2%2Fcomments&post=966"}],"wp:featuredmedia":[{"embeddable":true,"href":"https:\/\/multiples-store.de\/index.php?rest_route=\/wp\/v2\/media\/1484"}],"wp:attachment":[{"href":"https:\/\/multiples-store.de\/index.php?rest_route=%2Fwp%2Fv2%2Fmedia&parent=966"}],"wp:term":[{"taxonomy":"product_cat","embeddable":true,"href":"https:\/\/multiples-store.de\/index.php?rest_route=%2Fwp%2Fv2%2Fproduct_cat&post=966"},{"taxonomy":"product_tag","embeddable":true,"href":"https:\/\/multiples-store.de\/index.php?rest_route=%2Fwp%2Fv2%2Fproduct_tag&post=966"}],"curies":[{"name":"wp","href":"https:\/\/api.w.org\/{rel}","templated":true}]}}