{"id":949,"date":"2020-12-01T11:59:23","date_gmt":"2020-12-01T11:59:23","guid":{"rendered":"http:\/\/multiples-store.de\/?post_type=product&#038;p=949"},"modified":"2022-09-15T10:39:19","modified_gmt":"2022-09-15T10:39:19","slug":"gutschein-fuer-shou-sugi-ban-workshop","status":"publish","type":"product","link":"https:\/\/multiples-store.de\/?product=gutschein-fuer-shou-sugi-ban-workshop","title":{"rendered":"Gutschein f\u00fcr den Shou Sugi Ban-Workshop"},"content":{"rendered":"<p>Gutschein f\u00fcr die Teilnahme (1 Person) an dem Workshop Shou Sugi Ban mit Christiane L\u00fcnskens inkl. Getr\u00e4nke und kleiner Mahlzeit.<\/p>\n<p>Samtags: 10.00 &#8211; 14.00 Uhr, Termine auf Anfrage und \u00fcber <span style=\"color: #008000;\"><strong><a style=\"color: #008000;\" href=\"https:\/\/dreesch-sieben.de\/kreatives-arbeiten\/\" target=\"_blank\" rel=\"noopener noreferrer\">Dreesch7<\/a><\/strong><\/span><\/p>\n<p>Mit Feuer, Wasser und \u00d6l l\u00e4sst sich Holz in ein jahrzehntelang witterungsbest\u00e4ndiges Produkt verwandeln. Der besondere Reiz liegt in den wundersch\u00f6nen Strukturen und der besonderen Farbigkeit, die man so erzielen kann. Aber nicht nur f\u00fcr Z\u00e4une, Tore, Holzverkleidungen innen und au\u00dfen l\u00e4sst sich diese Technik anwenden. Genauso gut kann man damit wundervolle Deko- und Gebrauchsgegenst\u00e4nde wie beispielsweise Kerzenst\u00e4nder, Tische, Servierbrettchen und vieles weitere mehr herstellen.<\/p>\n<p>&nbsp;<\/p>\n<p>&nbsp;<\/p>\n","protected":false},"excerpt":{"rendered":"<p>Gutschein f\u00fcr die Teilnahme (1 Person) an dem Workshop Shou Sugi Ban mit Christiane L\u00fcnskens inkl. Getr\u00e4nke und kleiner Mahlzeit. 4 Stunden Workshop<\/p>\n<p>&nbsp;<\/p>\n","protected":false},"featured_media":1500,"comment_status":"open","ping_status":"closed","template":"","meta":{"jetpack_publicize_message":"","jetpack_is_tweetstorm":false,"jetpack_publicize_feature_enabled":true},"product_cat":[163],"product_tag":[168,159,167,166,170,161],"jetpack_publicize_connections":[],"jetpack_sharing_enabled":true,"_links":{"self":[{"href":"https:\/\/multiples-store.de\/index.php?rest_route=\/wp\/v2\/product\/949"}],"collection":[{"href":"https:\/\/multiples-store.de\/index.php?rest_route=\/wp\/v2\/product"}],"about":[{"href":"https:\/\/multiples-store.de\/index.php?rest_route=\/wp\/v2\/types\/product"}],"replies":[{"embeddable":true,"href":"https:\/\/multiples-store.de\/index.php?rest_route=%2Fwp%2Fv2%2Fcomments&post=949"}],"wp:featuredmedia":[{"embeddable":true,"href":"https:\/\/multiples-store.de\/index.php?rest_route=\/wp\/v2\/media\/1500"}],"wp:attachment":[{"href":"https:\/\/multiples-store.de\/index.php?rest_route=%2Fwp%2Fv2%2Fmedia&parent=949"}],"wp:term":[{"taxonomy":"product_cat","embeddable":true,"href":"https:\/\/multiples-store.de\/index.php?rest_route=%2Fwp%2Fv2%2Fproduct_cat&post=949"},{"taxonomy":"product_tag","embeddable":true,"href":"https:\/\/multiples-store.de\/index.php?rest_route=%2Fwp%2Fv2%2Fproduct_tag&post=949"}],"curies":[{"name":"wp","href":"https:\/\/api.w.org\/{rel}","templated":true}]}}