{"id":852,"date":"2020-07-07T13:16:47","date_gmt":"2020-07-07T13:16:47","guid":{"rendered":"http:\/\/multiples-store.de\/?post_type=product&#038;p=852"},"modified":"2020-09-08T08:35:19","modified_gmt":"2020-09-08T08:35:19","slug":"dekoratives-holzobjekt","status":"publish","type":"product","link":"https:\/\/multiples-store.de\/?product=dekoratives-holzobjekt","title":{"rendered":"Dekoratives Holzobjekt"},"content":{"rendered":"<p>Dekoratives Holzobjekt aus einem vom Wind zerlegten Pappelholzstamm. Teilweise geschliffen und mit Marseiller Seife behandelt.<\/p>\n<p>Fu\u00df aus grauem Beton, linsenf\u00f6rmigen geformt. Durchmesser des Betonfu\u00dfes: 55 cm, H\u00f6he: 17 cm, Gesamth\u00f6he: des Objekts ca. 280 cm, Gewicht ca 40 kg, Sockel abnehmbar<\/p>\n<p>Lieferkosten nach Berlin ca. 50 Euro. Deutschlandweit auf Anfrage.<\/p>\n<p>Eine Abholung auf dem Hof in der Uckermark ist ebenso m\u00f6glich<\/p>\n","protected":false},"excerpt":{"rendered":"<p>Dekoratives Holzobjekt aus einem vom Wind zerlegten Pappelholzstamm. Teilweise geschliffen und mit Marseiller Seife behandelt.<\/p>\n<p>Fu\u00df aus grauem Beton, linsenf\u00f6rmigen geformt. Durchmesser des Betonfu\u00dfes: 55 cm, H\u00f6he: 17 cm, Gesamth\u00f6he: des Objekts ca. 280 cm, Gewicht ca 40 kg, Sockel abnehmbar<\/p>\n<p>Lieferkosten nach Berlin ca. 50 Euro. Deutschlandweit auf Anfrage.<\/p>\n<p>Eine Abholung auf dem Hof in der Uckermark ist ebenso m\u00f6glich<\/p>\n","protected":false},"featured_media":838,"comment_status":"open","ping_status":"closed","template":"","meta":{"jetpack_publicize_message":"","jetpack_is_tweetstorm":false,"jetpack_publicize_feature_enabled":true},"product_cat":[76],"product_tag":[150,152,151],"jetpack_publicize_connections":[],"jetpack_sharing_enabled":true,"_links":{"self":[{"href":"https:\/\/multiples-store.de\/index.php?rest_route=\/wp\/v2\/product\/852"}],"collection":[{"href":"https:\/\/multiples-store.de\/index.php?rest_route=\/wp\/v2\/product"}],"about":[{"href":"https:\/\/multiples-store.de\/index.php?rest_route=\/wp\/v2\/types\/product"}],"replies":[{"embeddable":true,"href":"https:\/\/multiples-store.de\/index.php?rest_route=%2Fwp%2Fv2%2Fcomments&post=852"}],"wp:featuredmedia":[{"embeddable":true,"href":"https:\/\/multiples-store.de\/index.php?rest_route=\/wp\/v2\/media\/838"}],"wp:attachment":[{"href":"https:\/\/multiples-store.de\/index.php?rest_route=%2Fwp%2Fv2%2Fmedia&parent=852"}],"wp:term":[{"taxonomy":"product_cat","embeddable":true,"href":"https:\/\/multiples-store.de\/index.php?rest_route=%2Fwp%2Fv2%2Fproduct_cat&post=852"},{"taxonomy":"product_tag","embeddable":true,"href":"https:\/\/multiples-store.de\/index.php?rest_route=%2Fwp%2Fv2%2Fproduct_tag&post=852"}],"curies":[{"name":"wp","href":"https:\/\/api.w.org\/{rel}","templated":true}]}}