{"id":742,"date":"2020-07-06T13:40:22","date_gmt":"2020-07-06T13:40:22","guid":{"rendered":"http:\/\/multiples-store.de\/?post_type=product&#038;p=742"},"modified":"2023-03-24T09:59:22","modified_gmt":"2023-03-24T09:59:22","slug":"kleiner-beistelltisch-oder-hocker-aus-vierkantstahlrahmen-mit-abdeckplatte","status":"publish","type":"product","link":"https:\/\/multiples-store.de\/?product=kleiner-beistelltisch-oder-hocker-aus-vierkantstahlrahmen-mit-abdeckplatte","title":{"rendered":"Kleiner Beistelltisch oder Hocker aus Vierkantstahlrahmen mit Abdeckplatte aus Holz,Beton, oder Stahl"},"content":{"rendered":"<p>Kleiner Beistelltisch oder Hocker in der Abmessung, H\u00f6he ca. 40 cm, Breite 40 cm, Tiefe 40 cm, Rahmen aus Vierkantvollstahl 16\/16 mm. Deckplatte aus L\u00e4rchenholz natur, L\u00e4rchenholz gefl\u00e4mmt, auf Wunsch und Anfrage Deckplatte auch aus anderen Holzsorten. Desweiteren Deckplatten aus\u00a0 Beton (grau), oder Stahlplatte in Walzblau 4 mm stark oder mit versiegelter Rostoberfl\u00e4che.<\/p>\n<p>Gewicht mit Abdeckplatte aus Holz ca. 8,3 kg (Angebotspreis)<\/p>\n<p>Gewicht mit Abdeckplatte aus Beton ca. 13,2 kg<\/p>\n<p>Gewicht mit Abdeckplatte aus Stahl ca. 8,7 kg<\/p>\n<p>&nbsp;<\/p>\n","protected":false},"excerpt":{"rendered":"<p>Kleiner Beistelltisch oder Hocker in der Abmessung, H\u00f6he ca. 40 cm, Breite 40 cm, Tiefe 40 cm, Rahmen aus Vierkantvollstahl 16\/16 mm. Deckplatte aus L\u00e4rchenholz natur, L\u00e4rchenholz gefl\u00e4mmt, auf Wunsch und Anfrage Deckplatte auch aus anderen Holzsorten. Desweiteren Deckplatten aus\u00a0 Beton (grau), oder Stahlplatte in Walzblau 4 mm stark oder mit versiegelter Rostoberfl\u00e4che.<\/p>\n<p>Gewicht mit Abdeckplatte aus Holz ca. 8,3 kg (Angebotspreis)<\/p>\n<p>Gewicht mit Abdeckplatte aus Beton ca. 13,2 kg<\/p>\n<p>Gewicht mit Abdeckplatte aus Stahl ca. 8,7 kg<\/p>\n<p>&nbsp;<\/p>\n","protected":false},"featured_media":574,"comment_status":"open","ping_status":"closed","template":"","meta":{"jetpack_publicize_message":"","jetpack_is_tweetstorm":false,"jetpack_publicize_feature_enabled":true},"product_cat":[26],"product_tag":[130,138,131,132,135,134,133,139,137,136],"jetpack_publicize_connections":[],"jetpack_sharing_enabled":true,"_links":{"self":[{"href":"https:\/\/multiples-store.de\/index.php?rest_route=\/wp\/v2\/product\/742"}],"collection":[{"href":"https:\/\/multiples-store.de\/index.php?rest_route=\/wp\/v2\/product"}],"about":[{"href":"https:\/\/multiples-store.de\/index.php?rest_route=\/wp\/v2\/types\/product"}],"replies":[{"embeddable":true,"href":"https:\/\/multiples-store.de\/index.php?rest_route=%2Fwp%2Fv2%2Fcomments&post=742"}],"wp:featuredmedia":[{"embeddable":true,"href":"https:\/\/multiples-store.de\/index.php?rest_route=\/wp\/v2\/media\/574"}],"wp:attachment":[{"href":"https:\/\/multiples-store.de\/index.php?rest_route=%2Fwp%2Fv2%2Fmedia&parent=742"}],"wp:term":[{"taxonomy":"product_cat","embeddable":true,"href":"https:\/\/multiples-store.de\/index.php?rest_route=%2Fwp%2Fv2%2Fproduct_cat&post=742"},{"taxonomy":"product_tag","embeddable":true,"href":"https:\/\/multiples-store.de\/index.php?rest_route=%2Fwp%2Fv2%2Fproduct_tag&post=742"}],"curies":[{"name":"wp","href":"https:\/\/api.w.org\/{rel}","templated":true}]}}