{"id":49,"date":"2015-08-24T09:52:31","date_gmt":"2015-08-24T09:52:31","guid":{"rendered":"http:\/\/multiples-store.de\/?post_type=product&#038;p=49"},"modified":"2021-11-02T13:23:15","modified_gmt":"2021-11-02T13:23:15","slug":"feuerrost-modern","status":"publish","type":"product","link":"https:\/\/multiples-store.de\/?product=feuerrost-modern","title":{"rendered":"Feuerrost modern"},"content":{"rendered":"<p>Feuerrost aus Vollmetall, handgefertigt in unserer Werkstatt Dreesch7<\/p>\n<p>Abma\u00dfe: H\u00f6he 200 mm, Breite 600 mm, L\u00e4nge 600 mm<\/p>\n<p>Andere Abma\u00dfe m\u00f6glich, geben Sie diese bitte bei Ihrer Bestellung mit an<\/p>\n","protected":false},"excerpt":{"rendered":"<p>Feuerrost aus Vollmetall, handgefertigt in unserer Werkstatt Dreesch7<\/p>\n<p>Abma\u00dfe: H\u00f6he 200 mm, Breite 600 mm, L\u00e4nge 600 mm<\/p>\n<p>Andere Abma\u00dfe m\u00f6glich, geben Sie diese bitte bei Ihrer Bestellung mit an<\/p>\n","protected":false},"featured_media":118,"comment_status":"open","ping_status":"closed","template":"","meta":{"jetpack_publicize_message":"","jetpack_is_tweetstorm":false,"jetpack_publicize_feature_enabled":true},"product_cat":[76],"product_tag":[206,37,38],"jetpack_publicize_connections":[],"jetpack_sharing_enabled":true,"_links":{"self":[{"href":"https:\/\/multiples-store.de\/index.php?rest_route=\/wp\/v2\/product\/49"}],"collection":[{"href":"https:\/\/multiples-store.de\/index.php?rest_route=\/wp\/v2\/product"}],"about":[{"href":"https:\/\/multiples-store.de\/index.php?rest_route=\/wp\/v2\/types\/product"}],"replies":[{"embeddable":true,"href":"https:\/\/multiples-store.de\/index.php?rest_route=%2Fwp%2Fv2%2Fcomments&post=49"}],"wp:featuredmedia":[{"embeddable":true,"href":"https:\/\/multiples-store.de\/index.php?rest_route=\/wp\/v2\/media\/118"}],"wp:attachment":[{"href":"https:\/\/multiples-store.de\/index.php?rest_route=%2Fwp%2Fv2%2Fmedia&parent=49"}],"wp:term":[{"taxonomy":"product_cat","embeddable":true,"href":"https:\/\/multiples-store.de\/index.php?rest_route=%2Fwp%2Fv2%2Fproduct_cat&post=49"},{"taxonomy":"product_tag","embeddable":true,"href":"https:\/\/multiples-store.de\/index.php?rest_route=%2Fwp%2Fv2%2Fproduct_tag&post=49"}],"curies":[{"name":"wp","href":"https:\/\/api.w.org\/{rel}","templated":true}]}}