{"id":48,"date":"2015-08-24T09:51:57","date_gmt":"2015-08-24T09:51:57","guid":{"rendered":"http:\/\/multiples-store.de\/?post_type=product&#038;p=48"},"modified":"2021-11-02T13:23:38","modified_gmt":"2021-11-02T13:23:38","slug":"schirmstaender","status":"publish","type":"product","link":"https:\/\/multiples-store.de\/?product=schirmstaender","title":{"rendered":"Schirmst\u00e4nder"},"content":{"rendered":"<p>Schirmst\u00e4nder aus Stahl mit Tropfwasserauffangschale<\/p>\n<p>Abma\u00dfe: H\u00f6he 600 mm, Breite 300 mm, Tiefe 300 mm, Wandst\u00e4rke 3 mm<\/p>\n","protected":false},"excerpt":{"rendered":"<p>Schirmst\u00e4nder aus Stahl<\/p>\n","protected":false},"featured_media":123,"comment_status":"open","ping_status":"closed","template":"","meta":{"jetpack_publicize_message":"","jetpack_is_tweetstorm":false,"jetpack_publicize_feature_enabled":true},"product_cat":[76],"product_tag":[],"jetpack_publicize_connections":[],"jetpack_sharing_enabled":true,"_links":{"self":[{"href":"https:\/\/multiples-store.de\/index.php?rest_route=\/wp\/v2\/product\/48"}],"collection":[{"href":"https:\/\/multiples-store.de\/index.php?rest_route=\/wp\/v2\/product"}],"about":[{"href":"https:\/\/multiples-store.de\/index.php?rest_route=\/wp\/v2\/types\/product"}],"replies":[{"embeddable":true,"href":"https:\/\/multiples-store.de\/index.php?rest_route=%2Fwp%2Fv2%2Fcomments&post=48"}],"wp:featuredmedia":[{"embeddable":true,"href":"https:\/\/multiples-store.de\/index.php?rest_route=\/wp\/v2\/media\/123"}],"wp:attachment":[{"href":"https:\/\/multiples-store.de\/index.php?rest_route=%2Fwp%2Fv2%2Fmedia&parent=48"}],"wp:term":[{"taxonomy":"product_cat","embeddable":true,"href":"https:\/\/multiples-store.de\/index.php?rest_route=%2Fwp%2Fv2%2Fproduct_cat&post=48"},{"taxonomy":"product_tag","embeddable":true,"href":"https:\/\/multiples-store.de\/index.php?rest_route=%2Fwp%2Fv2%2Fproduct_tag&post=48"}],"curies":[{"name":"wp","href":"https:\/\/api.w.org\/{rel}","templated":true}]}}