{"id":339,"date":"2019-10-17T12:58:28","date_gmt":"2019-10-17T12:58:28","guid":{"rendered":"http:\/\/multiples-store.de\/?post_type=product&#038;p=339"},"modified":"2020-08-06T16:19:44","modified_gmt":"2020-08-06T16:19:44","slug":"kosmetikpads-set-mit-5-stueck","status":"publish","type":"product","link":"https:\/\/multiples-store.de\/?product=kosmetikpads-set-mit-5-stueck","title":{"rendered":"Kosmetikpads  &#8211; Set mit 5 St\u00fcck, wei\u00df"},"content":{"rendered":"<p>Handgefertigte geh\u00e4kelte Kosmetikpads aus 100% Baumwolle waschbar &#8211; 60 Grad<\/p>\n<p>5 St\u00fcck in wei\u00df<\/p>\n","protected":false},"excerpt":{"rendered":"<p>Handgefertigte geh\u00e4kelte Kosmetikpads aus 100% Baumwolle waschbar &#8211; 60 Grad<\/p>\n<p>5 St\u00fcck in wei\u00df<\/p>\n","protected":false},"featured_media":873,"comment_status":"open","ping_status":"closed","template":"","meta":{"jetpack_publicize_message":"","jetpack_is_tweetstorm":false,"jetpack_publicize_feature_enabled":true},"product_cat":[98],"product_tag":[103,100,104],"jetpack_publicize_connections":[],"jetpack_sharing_enabled":true,"_links":{"self":[{"href":"https:\/\/multiples-store.de\/index.php?rest_route=\/wp\/v2\/product\/339"}],"collection":[{"href":"https:\/\/multiples-store.de\/index.php?rest_route=\/wp\/v2\/product"}],"about":[{"href":"https:\/\/multiples-store.de\/index.php?rest_route=\/wp\/v2\/types\/product"}],"replies":[{"embeddable":true,"href":"https:\/\/multiples-store.de\/index.php?rest_route=%2Fwp%2Fv2%2Fcomments&post=339"}],"wp:featuredmedia":[{"embeddable":true,"href":"https:\/\/multiples-store.de\/index.php?rest_route=\/wp\/v2\/media\/873"}],"wp:attachment":[{"href":"https:\/\/multiples-store.de\/index.php?rest_route=%2Fwp%2Fv2%2Fmedia&parent=339"}],"wp:term":[{"taxonomy":"product_cat","embeddable":true,"href":"https:\/\/multiples-store.de\/index.php?rest_route=%2Fwp%2Fv2%2Fproduct_cat&post=339"},{"taxonomy":"product_tag","embeddable":true,"href":"https:\/\/multiples-store.de\/index.php?rest_route=%2Fwp%2Fv2%2Fproduct_tag&post=339"}],"curies":[{"name":"wp","href":"https:\/\/api.w.org\/{rel}","templated":true}]}}