{"id":328,"date":"2019-10-17T12:24:34","date_gmt":"2019-10-17T12:24:34","guid":{"rendered":"http:\/\/multiples-store.de\/?post_type=product&#038;p=328"},"modified":"2020-04-01T13:39:14","modified_gmt":"2020-04-01T13:39:14","slug":"walking-wild-berlin-mit-hund","status":"publish","type":"product","link":"https:\/\/multiples-store.de\/?product=walking-wild-berlin-mit-hund","title":{"rendered":"Walking Wild &#8211; Berlin mit Hund"},"content":{"rendered":"<p>Hunde k\u00f6nnen auch in einer Gro\u00dfstadt gro\u00dfartig leben, wenn man sie von Zeit zu Zeit Neues entdecken l\u00e4sst und sich gemeinsam auf wilde Wege macht.<br \/>\nWalking Wild in Berlin und Brandenburg \u2013 in diesem Buch stellt Livia Ritthaler ihre Empfehlungen \u2013 Spazierg\u00e4nge, Ausflu\u0308ge und \u00dcbernachtungsm\u00f6glichkeiten \u2013 fu\u0308r Mensch und Hund vor. Auf 216 Seiten, die nach Himmelsrichtungen sortiert sind, versammelt sie eine sorgf\u00e4ltig kuratierte Auswahl von rund 20 Hundewiesen und Parks sowie 22 Ausflu\u0308ge ins Brandenburger Umland.<br \/>\n\u201eWer das Abenteuer sucht, dem empfehle ich die schluchten\u00e4hnliche Landschaft der Glindower Alpen in Werder westlich von Berlin. Gemeinsame Abenteuer st\u00e4rken die Bindung zwischen Hund und Halter\u201c, sagt Ritthaler. Die passenden Unterku\u0308nfte fu\u0308r einen Wochenendtrip h\u00e4lt der Guide ebenfalls bereit.<br \/>\nUm sich bei der Planung von Spazierg\u00e4ngen im Berliner Stadtraum und im Brandenburger Umland einen \u00dcberblick zu verschaffen, liefert der Guide zwei stilisierte Karten, auf denen die Locations eingezeichnet sind. Informative Aspekte rund<br \/>\num Leinenpflicht, Hundefu\u0308hrerschein und Zeckenschutz fasst Ritthaler in einem eigenen Kapitel zusammen.<br \/>\nLivia Ritthaler gibt ihr Wissen weiter, verr\u00e4t ihre pers\u00f6nlichen Lieblingspl\u00e4tze und Neuentdeckungen, mit denen man Berlin weit hinter sich l\u00e4sst. Entstanden ist ein Guide fu\u0308r Hundehalter und die, die es werden wollen, fu\u0308r Neuberliner auf der Suche nach sch\u00f6nen Spazierg\u00e4ngen und Berliner, die ihre Stadt neu kennenlernen wollen!<\/p>\n<p>ISBN 978-3-947-747-214<br \/>\n\u20ac 24,00<br \/>\nFormat 16 x 21,5 cm<br \/>\n216 Seiten<br \/>\nMaps, ca. 200 Abbildungen<br \/>\nSoftcover<\/p>\n<p>Herausgeber: &#8222;The Gentle Temper&#8220;<\/p>\n","protected":false},"excerpt":{"rendered":"<p>Livia Ritthaler<br \/>\nWalking Wild \u2013 Berlin mit Hund<br \/>\nWenn es rausgehen soll: Ein Guide fu\u0308r die kleinen und gro\u00dfen Unternehmungen mit Hund in und um Berlin.<br \/>\n\u00dcber 40 Empfehlungen fu\u0308r Hundewiesen, Parks, Ausflu\u0308ge und Unterku\u0308nfte<br \/>\nAnspruchsvolles Design, hochwertig wie ein Coffeetablebook.<br \/>\nJedes Ziel wird von ansprechenden Fotografien und einem Kurztextbegleitet, der die Besonderheiten des Orts auffu\u0308hrt.<br \/>\nLeicht und handlich um jeden Ausflug als Wegweiser und Ideengeber begleiten zu k\u00f6nnen.<br \/>\nDas perfekte Geschenk fu\u0308r alle Hundehalter in Berlin und Brandenburg<\/p>\n<p>&nbsp;<\/p>\n","protected":false},"featured_media":330,"comment_status":"open","ping_status":"closed","template":"","meta":{"jetpack_publicize_message":"","jetpack_is_tweetstorm":false,"jetpack_publicize_feature_enabled":true},"product_cat":[93],"product_tag":[95,96,94],"jetpack_publicize_connections":[],"jetpack_sharing_enabled":true,"_links":{"self":[{"href":"https:\/\/multiples-store.de\/index.php?rest_route=\/wp\/v2\/product\/328"}],"collection":[{"href":"https:\/\/multiples-store.de\/index.php?rest_route=\/wp\/v2\/product"}],"about":[{"href":"https:\/\/multiples-store.de\/index.php?rest_route=\/wp\/v2\/types\/product"}],"replies":[{"embeddable":true,"href":"https:\/\/multiples-store.de\/index.php?rest_route=%2Fwp%2Fv2%2Fcomments&post=328"}],"wp:featuredmedia":[{"embeddable":true,"href":"https:\/\/multiples-store.de\/index.php?rest_route=\/wp\/v2\/media\/330"}],"wp:attachment":[{"href":"https:\/\/multiples-store.de\/index.php?rest_route=%2Fwp%2Fv2%2Fmedia&parent=328"}],"wp:term":[{"taxonomy":"product_cat","embeddable":true,"href":"https:\/\/multiples-store.de\/index.php?rest_route=%2Fwp%2Fv2%2Fproduct_cat&post=328"},{"taxonomy":"product_tag","embeddable":true,"href":"https:\/\/multiples-store.de\/index.php?rest_route=%2Fwp%2Fv2%2Fproduct_tag&post=328"}],"curies":[{"name":"wp","href":"https:\/\/api.w.org\/{rel}","templated":true}]}}