{"id":299,"date":"2019-07-07T10:32:24","date_gmt":"2019-07-07T10:32:24","guid":{"rendered":"http:\/\/multiples-store.de\/?post_type=product&#038;p=299"},"modified":"2023-01-04T19:40:12","modified_gmt":"2023-01-04T19:40:12","slug":"dekorative-stehlampe","status":"publish","type":"product","link":"https:\/\/multiples-store.de\/?product=dekorative-stehlampe","title":{"rendered":"Dekorative Stehlampe"},"content":{"rendered":"<p>Stehlampe f\u00fcr dekoratives Raumlicht:<\/p>\n<p>H\u00f6he: ca. 165 cm<span style=\"font-size: 16px;\">, Durchmesser Fuss ca. 20 cm<\/span><\/p>\n<p>Material: Stahl und Holz<\/p>\n<p>Beleuchtungsmittel LED Band mit Fernbedienung (Farbwahl m\u00f6glich)<\/p>\n<p>&nbsp;<\/p>\n<p>&nbsp;<\/p>\n","protected":false},"excerpt":{"rendered":"<p>Stehlampe, f\u00fcr dekorative Beleuchtung, aus Nussbaumholzleiste ca. 10x50x1600 mm und gerostetem Flachstahl ca. 8x50x1600, mm, Gesamth\u00f6he der Lampe ca. 165 cm. Zwischen den Leisten befindet sich die LED Beleuchtung mit unterschiedlichen Farben w\u00e4hlbar \u00fcber eine Fernbedienung.<\/p>\n","protected":false},"featured_media":891,"comment_status":"open","ping_status":"closed","template":"","meta":{"jetpack_publicize_message":"","jetpack_is_tweetstorm":false,"jetpack_publicize_feature_enabled":true},"product_cat":[143],"product_tag":[80,83,84,81,82],"jetpack_publicize_connections":[],"jetpack_sharing_enabled":true,"_links":{"self":[{"href":"https:\/\/multiples-store.de\/index.php?rest_route=\/wp\/v2\/product\/299"}],"collection":[{"href":"https:\/\/multiples-store.de\/index.php?rest_route=\/wp\/v2\/product"}],"about":[{"href":"https:\/\/multiples-store.de\/index.php?rest_route=\/wp\/v2\/types\/product"}],"replies":[{"embeddable":true,"href":"https:\/\/multiples-store.de\/index.php?rest_route=%2Fwp%2Fv2%2Fcomments&post=299"}],"wp:featuredmedia":[{"embeddable":true,"href":"https:\/\/multiples-store.de\/index.php?rest_route=\/wp\/v2\/media\/891"}],"wp:attachment":[{"href":"https:\/\/multiples-store.de\/index.php?rest_route=%2Fwp%2Fv2%2Fmedia&parent=299"}],"wp:term":[{"taxonomy":"product_cat","embeddable":true,"href":"https:\/\/multiples-store.de\/index.php?rest_route=%2Fwp%2Fv2%2Fproduct_cat&post=299"},{"taxonomy":"product_tag","embeddable":true,"href":"https:\/\/multiples-store.de\/index.php?rest_route=%2Fwp%2Fv2%2Fproduct_tag&post=299"}],"curies":[{"name":"wp","href":"https:\/\/api.w.org\/{rel}","templated":true}]}}