{"id":248,"date":"2018-01-28T08:29:27","date_gmt":"2018-01-28T08:29:27","guid":{"rendered":"http:\/\/multiples-store.de\/?post_type=product&#038;p=248"},"modified":"2020-07-06T15:26:06","modified_gmt":"2020-07-06T15:26:06","slug":"taeschchen-aus-baumwolle-2","status":"publish","type":"product","link":"https:\/\/multiples-store.de\/?product=taeschchen-aus-baumwolle-2","title":{"rendered":"T\u00e4schchen aus Baumwolle"},"content":{"rendered":"<p>Kleines T\u00e4schchen f\u00fcr Tabak, Kosmetik oder Krimskrams<\/p>\n<p>Handarbeit, 3-lagig, au\u00dfen stabiler Stoff aus 100% Baumwolle (petrol mit stilisierten Bl\u00e4ttern, mehrfarbig), Kunststoffeinlage innen (transparent mit gr\u00fcnem Schriftfragment), dazwischen Nessel (altwei\u00df), breites Gummiband zum Verschlie\u00dfen (orange)<\/p>\n<p>Ma\u00dfe: 12,5 cm breit, 10 cm lang, ge\u00f6ffnet 20,5 cm lang<\/p>\n","protected":false},"excerpt":{"rendered":"<p>Handarbeit, kleines T\u00e4schchen aus Baumwolle, orangefarbenes Gummiband zum Verschlie\u00dfen<\/p>\n","protected":false},"featured_media":249,"comment_status":"open","ping_status":"closed","template":"","meta":{"jetpack_publicize_message":"","jetpack_is_tweetstorm":false,"jetpack_publicize_feature_enabled":true},"product_cat":[142],"product_tag":[74,73,70],"jetpack_publicize_connections":[],"jetpack_sharing_enabled":true,"_links":{"self":[{"href":"https:\/\/multiples-store.de\/index.php?rest_route=\/wp\/v2\/product\/248"}],"collection":[{"href":"https:\/\/multiples-store.de\/index.php?rest_route=\/wp\/v2\/product"}],"about":[{"href":"https:\/\/multiples-store.de\/index.php?rest_route=\/wp\/v2\/types\/product"}],"replies":[{"embeddable":true,"href":"https:\/\/multiples-store.de\/index.php?rest_route=%2Fwp%2Fv2%2Fcomments&post=248"}],"wp:featuredmedia":[{"embeddable":true,"href":"https:\/\/multiples-store.de\/index.php?rest_route=\/wp\/v2\/media\/249"}],"wp:attachment":[{"href":"https:\/\/multiples-store.de\/index.php?rest_route=%2Fwp%2Fv2%2Fmedia&parent=248"}],"wp:term":[{"taxonomy":"product_cat","embeddable":true,"href":"https:\/\/multiples-store.de\/index.php?rest_route=%2Fwp%2Fv2%2Fproduct_cat&post=248"},{"taxonomy":"product_tag","embeddable":true,"href":"https:\/\/multiples-store.de\/index.php?rest_route=%2Fwp%2Fv2%2Fproduct_tag&post=248"}],"curies":[{"name":"wp","href":"https:\/\/api.w.org\/{rel}","templated":true}]}}