{"id":247,"date":"2018-01-28T08:25:22","date_gmt":"2018-01-28T08:25:22","guid":{"rendered":"http:\/\/multiples-store.de\/?post_type=product&#038;p=247"},"modified":"2021-02-04T15:31:48","modified_gmt":"2021-02-04T15:31:48","slug":"taeschchen-aus-baumwolle","status":"publish","type":"product","link":"https:\/\/multiples-store.de\/?product=taeschchen-aus-baumwolle","title":{"rendered":"T\u00e4schchen aus Baumwolle"},"content":{"rendered":"<p>Kleines T\u00e4schchen f\u00fcr Tabak, Kosmetik oder Krimskrams<\/p>\n<p>Handarbeit, 3-lagig, au\u00dfen stabiler Stoff aus 100% Baumwolle (petrol mit stilisierten Bl\u00e4ttern, mehrfarbig), Kunststoffeinlage innen (transparent mit gr\u00fcnem Schriftfragment), dazwischen Nessel (altwei\u00df), schmales Gummiband zum Verschlie\u00dfen (schwarz mit Knopf)<\/p>\n<p>Ma\u00dfe: 13,5 cm breit, 10 cm lang, ge\u00f6ffnet 20 cm lang<\/p>\n","protected":false},"excerpt":{"rendered":"<p>Handarbeit, kleines T\u00e4schchen aus Baumwolle, schwarzes Gummiband mit Knopf zum Verschlie\u00dfen<\/p>\n","protected":false},"featured_media":242,"comment_status":"open","ping_status":"closed","template":"","meta":{"jetpack_publicize_message":"","jetpack_is_tweetstorm":false,"jetpack_publicize_feature_enabled":true},"product_cat":[142],"product_tag":[74,73,70],"jetpack_publicize_connections":[],"jetpack_sharing_enabled":true,"_links":{"self":[{"href":"https:\/\/multiples-store.de\/index.php?rest_route=\/wp\/v2\/product\/247"}],"collection":[{"href":"https:\/\/multiples-store.de\/index.php?rest_route=\/wp\/v2\/product"}],"about":[{"href":"https:\/\/multiples-store.de\/index.php?rest_route=\/wp\/v2\/types\/product"}],"replies":[{"embeddable":true,"href":"https:\/\/multiples-store.de\/index.php?rest_route=%2Fwp%2Fv2%2Fcomments&post=247"}],"wp:featuredmedia":[{"embeddable":true,"href":"https:\/\/multiples-store.de\/index.php?rest_route=\/wp\/v2\/media\/242"}],"wp:attachment":[{"href":"https:\/\/multiples-store.de\/index.php?rest_route=%2Fwp%2Fv2%2Fmedia&parent=247"}],"wp:term":[{"taxonomy":"product_cat","embeddable":true,"href":"https:\/\/multiples-store.de\/index.php?rest_route=%2Fwp%2Fv2%2Fproduct_cat&post=247"},{"taxonomy":"product_tag","embeddable":true,"href":"https:\/\/multiples-store.de\/index.php?rest_route=%2Fwp%2Fv2%2Fproduct_tag&post=247"}],"curies":[{"name":"wp","href":"https:\/\/api.w.org\/{rel}","templated":true}]}}