{"id":228,"date":"2018-01-28T07:57:27","date_gmt":"2018-01-28T07:57:27","guid":{"rendered":"http:\/\/multiples-store.de\/?post_type=product&#038;p=228"},"modified":"2020-07-06T15:28:19","modified_gmt":"2020-07-06T15:28:19","slug":"taeschchen-aus-leinen-baumwolle","status":"publish","type":"product","link":"https:\/\/multiples-store.de\/?product=taeschchen-aus-leinen-baumwolle","title":{"rendered":"T\u00e4schchen aus Leinen\/Baumwolle"},"content":{"rendered":"<p>Kleines T\u00e4schchen f\u00fcr Tabak, Kosmetik oder Krimskrams<\/p>\n<p>Handarbeit, 3-lagig, au\u00dfen stabiler Stoff aus 80% Leinen und 20% Baumwolle (petrol mit altwei\u00dfen gro\u00dfen Punkten und Hirschkopf mit schwarzer Brille), Kunststoffeinlage innen (transparent mit gr\u00fcnem Schriftfragment), dazwischen Nessel (altwei\u00df), schmales Gummiband zum Verschlie\u00dfen (gelb)<\/p>\n<p>Ma\u00dfe: 14 cm breit, 10,5 cm lang, ge\u00f6ffnet 19,5 cm lang<\/p>\n","protected":false},"excerpt":{"rendered":"<p>Handarbeit, kleines T\u00e4schchen aus Leinen\/Baumwolle, gelbes Gummiband zum Verschlie\u00dfen<\/p>\n","protected":false},"featured_media":229,"comment_status":"open","ping_status":"closed","template":"","meta":{"jetpack_publicize_message":"","jetpack_is_tweetstorm":false,"jetpack_publicize_feature_enabled":true},"product_cat":[142],"product_tag":[74,73,70],"jetpack_publicize_connections":[],"jetpack_sharing_enabled":true,"_links":{"self":[{"href":"https:\/\/multiples-store.de\/index.php?rest_route=\/wp\/v2\/product\/228"}],"collection":[{"href":"https:\/\/multiples-store.de\/index.php?rest_route=\/wp\/v2\/product"}],"about":[{"href":"https:\/\/multiples-store.de\/index.php?rest_route=\/wp\/v2\/types\/product"}],"replies":[{"embeddable":true,"href":"https:\/\/multiples-store.de\/index.php?rest_route=%2Fwp%2Fv2%2Fcomments&post=228"}],"wp:featuredmedia":[{"embeddable":true,"href":"https:\/\/multiples-store.de\/index.php?rest_route=\/wp\/v2\/media\/229"}],"wp:attachment":[{"href":"https:\/\/multiples-store.de\/index.php?rest_route=%2Fwp%2Fv2%2Fmedia&parent=228"}],"wp:term":[{"taxonomy":"product_cat","embeddable":true,"href":"https:\/\/multiples-store.de\/index.php?rest_route=%2Fwp%2Fv2%2Fproduct_cat&post=228"},{"taxonomy":"product_tag","embeddable":true,"href":"https:\/\/multiples-store.de\/index.php?rest_route=%2Fwp%2Fv2%2Fproduct_tag&post=228"}],"curies":[{"name":"wp","href":"https:\/\/api.w.org\/{rel}","templated":true}]}}