{"id":224,"date":"2018-01-28T07:38:13","date_gmt":"2018-01-28T07:38:13","guid":{"rendered":"http:\/\/multiples-store.de\/?post_type=product&#038;p=224"},"modified":"2020-07-06T15:01:01","modified_gmt":"2020-07-06T15:01:01","slug":"taeschchen-aus-feincord-in-schwarz-2","status":"publish","type":"product","link":"https:\/\/multiples-store.de\/?product=taeschchen-aus-feincord-in-schwarz-2","title":{"rendered":"T\u00e4schchen aus Feincord in schwarz"},"content":{"rendered":"<p>Kleines T\u00e4schchen f\u00fcr Tabak, Kosmetik oder Krimskrams<\/p>\n<p>Handarbeit, 3-lagig, au\u00dfen stabiler Stoff aus 100% Baumwolle (schwarzer Feincord), recycelte Kunststoffeinlage innen (transparent) mit Schriftfragmenten, dazwischen Nessel aus 100% Baumwolle (altwei\u00df), t\u00fcrkisfarbenes Band zum Verschlie\u00dfen<\/p>\n<p>Ma\u00dfe: 13 cm breit, 11 cm lang, ge\u00f6ffnet 21 cm lang<\/p>\n<p>&nbsp;<\/p>\n","protected":false},"excerpt":{"rendered":"<p>Handarbeit, kleines T\u00e4schchen aus schwarzem Feincord, t\u00fcrkisfarbenes Band zum Verschlie\u00dfen<\/p>\n","protected":false},"featured_media":225,"comment_status":"open","ping_status":"closed","template":"","meta":{"jetpack_publicize_message":"","jetpack_is_tweetstorm":false,"jetpack_publicize_feature_enabled":true},"product_cat":[142],"product_tag":[74,73,70],"jetpack_publicize_connections":[],"jetpack_sharing_enabled":true,"_links":{"self":[{"href":"https:\/\/multiples-store.de\/index.php?rest_route=\/wp\/v2\/product\/224"}],"collection":[{"href":"https:\/\/multiples-store.de\/index.php?rest_route=\/wp\/v2\/product"}],"about":[{"href":"https:\/\/multiples-store.de\/index.php?rest_route=\/wp\/v2\/types\/product"}],"replies":[{"embeddable":true,"href":"https:\/\/multiples-store.de\/index.php?rest_route=%2Fwp%2Fv2%2Fcomments&post=224"}],"wp:featuredmedia":[{"embeddable":true,"href":"https:\/\/multiples-store.de\/index.php?rest_route=\/wp\/v2\/media\/225"}],"wp:attachment":[{"href":"https:\/\/multiples-store.de\/index.php?rest_route=%2Fwp%2Fv2%2Fmedia&parent=224"}],"wp:term":[{"taxonomy":"product_cat","embeddable":true,"href":"https:\/\/multiples-store.de\/index.php?rest_route=%2Fwp%2Fv2%2Fproduct_cat&post=224"},{"taxonomy":"product_tag","embeddable":true,"href":"https:\/\/multiples-store.de\/index.php?rest_route=%2Fwp%2Fv2%2Fproduct_tag&post=224"}],"curies":[{"name":"wp","href":"https:\/\/api.w.org\/{rel}","templated":true}]}}