{"id":213,"date":"2018-01-27T15:11:58","date_gmt":"2018-01-27T15:11:58","guid":{"rendered":"http:\/\/multiples-store.de\/?post_type=product&#038;p=213"},"modified":"2020-07-06T15:03:01","modified_gmt":"2020-07-06T15:03:01","slug":"tabaktaeschchen-rot-mit-weissen-punkten","status":"publish","type":"product","link":"https:\/\/multiples-store.de\/?product=tabaktaeschchen-rot-mit-weissen-punkten","title":{"rendered":"T\u00e4schchen rot mit wei\u00dfen Punkten"},"content":{"rendered":"<p>Kleines T\u00e4schchen f\u00fcr Tabak, Kosmetik oder Krimskrams<\/p>\n<p>Handarbeit, 3-lagig, au\u00dfen feiner Stoff aus 100% Baumwolle, rot mit wei\u00dfen Punkten, recycelte Kunststoffeinlage innen (transparent), dazwischen Nessel aus 100% Baumwolle (altwei\u00df), breites Gummiband zum Verschlie\u00dfen (t\u00fcrkis)<\/p>\n<p>Ma\u00dfe: 13,5 cm breit, 10,4 cm lang, ge\u00f6ffnet 22 cm lang<\/p>\n","protected":false},"excerpt":{"rendered":"<p>Handarbeit, kleines T\u00e4schchen aus roter Baumwolle mit wei\u00dfen Punkten, t\u00fcrkisfarbenes Gummiband zum Verschlie\u00dfen<\/p>\n","protected":false},"featured_media":214,"comment_status":"open","ping_status":"closed","template":"","meta":{"jetpack_publicize_message":"","jetpack_is_tweetstorm":false,"jetpack_publicize_feature_enabled":true},"product_cat":[142],"product_tag":[74,73,70],"jetpack_publicize_connections":[],"jetpack_sharing_enabled":true,"_links":{"self":[{"href":"https:\/\/multiples-store.de\/index.php?rest_route=\/wp\/v2\/product\/213"}],"collection":[{"href":"https:\/\/multiples-store.de\/index.php?rest_route=\/wp\/v2\/product"}],"about":[{"href":"https:\/\/multiples-store.de\/index.php?rest_route=\/wp\/v2\/types\/product"}],"replies":[{"embeddable":true,"href":"https:\/\/multiples-store.de\/index.php?rest_route=%2Fwp%2Fv2%2Fcomments&post=213"}],"wp:featuredmedia":[{"embeddable":true,"href":"https:\/\/multiples-store.de\/index.php?rest_route=\/wp\/v2\/media\/214"}],"wp:attachment":[{"href":"https:\/\/multiples-store.de\/index.php?rest_route=%2Fwp%2Fv2%2Fmedia&parent=213"}],"wp:term":[{"taxonomy":"product_cat","embeddable":true,"href":"https:\/\/multiples-store.de\/index.php?rest_route=%2Fwp%2Fv2%2Fproduct_cat&post=213"},{"taxonomy":"product_tag","embeddable":true,"href":"https:\/\/multiples-store.de\/index.php?rest_route=%2Fwp%2Fv2%2Fproduct_tag&post=213"}],"curies":[{"name":"wp","href":"https:\/\/api.w.org\/{rel}","templated":true}]}}