{"id":194,"date":"2018-01-21T07:28:44","date_gmt":"2018-01-21T07:28:44","guid":{"rendered":"http:\/\/multiples-store.de\/?post_type=product&#038;p=194"},"modified":"2020-07-06T15:03:50","modified_gmt":"2020-07-06T15:03:50","slug":"tabaktaeschchen-aus-feincord","status":"publish","type":"product","link":"https:\/\/multiples-store.de\/?product=tabaktaeschchen-aus-feincord","title":{"rendered":"T\u00e4schchen aus Feincord in t\u00fcrkis"},"content":{"rendered":"<p>Kleines T\u00e4schchen f\u00fcr Tabak, Kosmetik oder Krimskrams<\/p>\n<p>Handarbeit, 3-lagig, au\u00dfen Feincord aus 100% Baumwolle (t\u00fcrkis), recycelte Kunststoffeinlage innen (transparent), dazwischen Nessel, 100% Baumwolle (altwei\u00df), Schmuckband zum Verschlie\u00dfen (rot mit gelbgr\u00fcnen Bl\u00fcmchen)<\/p>\n<p>Ma\u00dfe: 14,5 cm breit, 10 cm lang, ge\u00f6ffnet 20 cm lang<\/p>\n","protected":false},"excerpt":{"rendered":"<p>Handarbeit, kleines T\u00e4schchen aus Feincord in t\u00fcrkis, rotes Band mit gelb-gr\u00fcnen Bl\u00fcmchen zum Verschlie\u00dfen<\/p>\n","protected":false},"featured_media":197,"comment_status":"open","ping_status":"closed","template":"","meta":{"jetpack_publicize_message":"","jetpack_is_tweetstorm":false,"jetpack_publicize_feature_enabled":true},"product_cat":[142],"product_tag":[74,73,70],"jetpack_publicize_connections":[],"jetpack_sharing_enabled":true,"_links":{"self":[{"href":"https:\/\/multiples-store.de\/index.php?rest_route=\/wp\/v2\/product\/194"}],"collection":[{"href":"https:\/\/multiples-store.de\/index.php?rest_route=\/wp\/v2\/product"}],"about":[{"href":"https:\/\/multiples-store.de\/index.php?rest_route=\/wp\/v2\/types\/product"}],"replies":[{"embeddable":true,"href":"https:\/\/multiples-store.de\/index.php?rest_route=%2Fwp%2Fv2%2Fcomments&post=194"}],"wp:featuredmedia":[{"embeddable":true,"href":"https:\/\/multiples-store.de\/index.php?rest_route=\/wp\/v2\/media\/197"}],"wp:attachment":[{"href":"https:\/\/multiples-store.de\/index.php?rest_route=%2Fwp%2Fv2%2Fmedia&parent=194"}],"wp:term":[{"taxonomy":"product_cat","embeddable":true,"href":"https:\/\/multiples-store.de\/index.php?rest_route=%2Fwp%2Fv2%2Fproduct_cat&post=194"},{"taxonomy":"product_tag","embeddable":true,"href":"https:\/\/multiples-store.de\/index.php?rest_route=%2Fwp%2Fv2%2Fproduct_tag&post=194"}],"curies":[{"name":"wp","href":"https:\/\/api.w.org\/{rel}","templated":true}]}}