{"id":188,"date":"2018-01-21T06:40:10","date_gmt":"2018-01-21T06:40:10","guid":{"rendered":"http:\/\/multiples-store.de\/?post_type=product&#038;p=188"},"modified":"2020-07-06T15:04:33","modified_gmt":"2020-07-06T15:04:33","slug":"tabaktaeschchen","status":"publish","type":"product","link":"https:\/\/multiples-store.de\/?product=tabaktaeschchen","title":{"rendered":"T\u00e4schchen aus Jeansstoff"},"content":{"rendered":"<p>Kleines T\u00e4schchen f\u00fcr Tabak, Kosmetik oder Krimskrams<\/p>\n<p>Handarbeit, 3-lagig, au\u00dfen Jeansstoff aus 100% Baumwolle (mittelblau), Kunststoffeinlage innen (transparent), dazwischen Nessel (altwei\u00df), stabiles Gummiband zum Verschlie\u00dfen (rot)<\/p>\n<p>Ma\u00dfe: 14,5 cm breit, 10 cm lang, ge\u00f6ffnet 20 cm lang<\/p>\n","protected":false},"excerpt":{"rendered":"<p>Handarbeit, kleines T\u00e4schchen aus Jeansstoff, rotes Gummiband zum Verschlie\u00dfen<\/p>\n","protected":false},"featured_media":191,"comment_status":"open","ping_status":"closed","template":"","meta":{"jetpack_publicize_message":"","jetpack_is_tweetstorm":false,"jetpack_publicize_feature_enabled":true},"product_cat":[142],"product_tag":[74,73,70],"jetpack_publicize_connections":[],"jetpack_sharing_enabled":true,"_links":{"self":[{"href":"https:\/\/multiples-store.de\/index.php?rest_route=\/wp\/v2\/product\/188"}],"collection":[{"href":"https:\/\/multiples-store.de\/index.php?rest_route=\/wp\/v2\/product"}],"about":[{"href":"https:\/\/multiples-store.de\/index.php?rest_route=\/wp\/v2\/types\/product"}],"replies":[{"embeddable":true,"href":"https:\/\/multiples-store.de\/index.php?rest_route=%2Fwp%2Fv2%2Fcomments&post=188"}],"wp:featuredmedia":[{"embeddable":true,"href":"https:\/\/multiples-store.de\/index.php?rest_route=\/wp\/v2\/media\/191"}],"wp:attachment":[{"href":"https:\/\/multiples-store.de\/index.php?rest_route=%2Fwp%2Fv2%2Fmedia&parent=188"}],"wp:term":[{"taxonomy":"product_cat","embeddable":true,"href":"https:\/\/multiples-store.de\/index.php?rest_route=%2Fwp%2Fv2%2Fproduct_cat&post=188"},{"taxonomy":"product_tag","embeddable":true,"href":"https:\/\/multiples-store.de\/index.php?rest_route=%2Fwp%2Fv2%2Fproduct_tag&post=188"}],"curies":[{"name":"wp","href":"https:\/\/api.w.org\/{rel}","templated":true}]}}