{"id":1530,"date":"2023-01-04T17:05:57","date_gmt":"2023-01-04T17:05:57","guid":{"rendered":"https:\/\/multiples-store.de\/?post_type=product&#038;p=1530"},"modified":"2023-01-13T00:19:14","modified_gmt":"2023-01-13T00:19:14","slug":"skulptur-und-lampe-stahlfilsen","status":"publish","type":"product","link":"https:\/\/multiples-store.de\/?product=skulptur-und-lampe-stahlfilsen","title":{"rendered":"Skulptur und Lampe Stahlfilsen"},"content":{"rendered":"<p><span lang=\"de-DE\">Die Licht- und Rauminstallation Stahlfilsen l\u00e4dt die Betrachter:in zu einem dialektischen Durchblick ein: bei n\u00e4herer Betrachtung bezieht das Objekt seinen Reiz durch die augenf\u00e4lligen Widerspr\u00fcche zwischen optischer Leichtigkeit und materialbedingter Schwere, zwischen Kunstobjekt und Baumaterial, zwischen Durchblick und Lichtquelle, zwischen der Grobheit der verwendeten Materialien und dem Feinschliff der Oberfl\u00e4chen.<\/span><\/p>\n<p><span lang=\"de-DE\">Das Objekt besteht aus zwei gleichlaufend verdrehten Flachst\u00e4hlen mit einer Abmessung von 60 mm x 4 mm x 4700 mm, die mittels Senfkopfschrauben zu einer bogenf\u00f6rmigen Einheit verschraubt sind.<\/span><\/p>\n<p><span lang=\"de-DE\">Die Leuchtmittel bestehen aus zwei unabh\u00e4ngig voneinender schaltbaren wasserfesten COB LED B\u00e4ndern, die quer zur Bandrichtung leuchten. Diese befinden sich zwischen den Flachst\u00e4hlen jeweils umlaufend an den R\u00e4ndern der Flachst\u00e4hle.<\/span><\/p>\n<p><span lang=\"de-DE\">Der Lampenfuss ist aus Giesbeton in Linsenform mit einem Durchmesser von ca. 42 cm gefertigt. Der Beton ist anthrazitfarbend pigmentiert mit Zuschl\u00e4gen aus wei\u00dfem und schwarzem Granit, nach der Aush\u00e4rtung bis ca. Korngr\u00f6sse 3000 poliert und anschliessend mit Hartwachs versiegelt.<\/span><\/p>\n<p>Abmessung H\u00f6he ca. 180 cm Durchmesser Fuss 42 cm Gewicht ca. 30 Kg<\/p>\n","protected":false},"excerpt":{"rendered":"<p>Skulptur und Lampe Stahlfilsen<\/p>\n","protected":false},"featured_media":1535,"comment_status":"open","ping_status":"closed","template":"","meta":{"jetpack_publicize_message":"","jetpack_is_tweetstorm":false,"jetpack_publicize_feature_enabled":true},"product_cat":[143,76],"product_tag":[83,256,151,258],"jetpack_publicize_connections":[],"jetpack_sharing_enabled":true,"_links":{"self":[{"href":"https:\/\/multiples-store.de\/index.php?rest_route=\/wp\/v2\/product\/1530"}],"collection":[{"href":"https:\/\/multiples-store.de\/index.php?rest_route=\/wp\/v2\/product"}],"about":[{"href":"https:\/\/multiples-store.de\/index.php?rest_route=\/wp\/v2\/types\/product"}],"replies":[{"embeddable":true,"href":"https:\/\/multiples-store.de\/index.php?rest_route=%2Fwp%2Fv2%2Fcomments&post=1530"}],"wp:featuredmedia":[{"embeddable":true,"href":"https:\/\/multiples-store.de\/index.php?rest_route=\/wp\/v2\/media\/1535"}],"wp:attachment":[{"href":"https:\/\/multiples-store.de\/index.php?rest_route=%2Fwp%2Fv2%2Fmedia&parent=1530"}],"wp:term":[{"taxonomy":"product_cat","embeddable":true,"href":"https:\/\/multiples-store.de\/index.php?rest_route=%2Fwp%2Fv2%2Fproduct_cat&post=1530"},{"taxonomy":"product_tag","embeddable":true,"href":"https:\/\/multiples-store.de\/index.php?rest_route=%2Fwp%2Fv2%2Fproduct_tag&post=1530"}],"curies":[{"name":"wp","href":"https:\/\/api.w.org\/{rel}","templated":true}]}}