{"id":1529,"date":"2023-01-04T17:12:57","date_gmt":"2023-01-04T17:12:57","guid":{"rendered":"https:\/\/multiples-store.de\/?post_type=product&#038;p=1529"},"modified":"2026-04-20T06:43:42","modified_gmt":"2026-04-20T06:43:42","slug":"lampe-und-skulptur-holzfilsen","status":"publish","type":"product","link":"https:\/\/multiples-store.de\/?product=lampe-und-skulptur-holzfilsen","title":{"rendered":"Lampe und Skulptur Holzfilsen"},"content":{"rendered":"<p><span lang=\"de-DE\">Die Licht- und Rauminstallation Holzfilsen l\u00e4dt die Betrachter:in zu einem dialektischen Durchblick ein: bei n\u00e4herer Betrachtung bezieht das Objekt seinen Reiz durch die augenf\u00e4lligen Widerspr\u00fcche zwischen optischer Leichtigkeit und gewichtsm\u00e4ssiger Schwere, zwischen Kunstobjekt und Alltagsgegenstand, zwischen Durchblick und Lichtquelle, zwischen der Zw\u00e4ngung der verwendeten Materialien und der Leichtigkeit der sich daraus ergebenden Form.<\/span><\/p>\n<p><span lang=\"de-DE\">Die Rheinschleife bei Filsen in der Lorelei stand hier Pate f\u00fcr die Namengebung und das M\u00f6busband f\u00fcr die Formgebung.<br \/>\n<\/span><\/p>\n<p><span lang=\"de-DE\">Das Objekt besteht aus einer gebogenen Vollholzleiste, 65 mm x 8 mm x 4600 mm mit einseitig umlaufend eingefr\u00e4ster Nut, Tiefe ca. 3 mm x Breite ca. 10 mm Leuchtmittel: COB LED Band flach leuchtend. Das Band ist in der eingefr\u00e4sten Nut verklebt. Betonfuss in Linsenform, Durchmesser ca. 40 cm, anthrazitfarben pigmentiert mit Zuschl\u00e4gen aus wei\u00dfem und schwarzem Granit.<\/span><\/p>\n<p><span lang=\"de-DE\">Betonfuss poliert bis ca. Korn 3000. Beton und Holz mit Hartwachs behandelt.<\/span><\/p>\n","protected":false},"excerpt":{"rendered":"<p><span lang=\"de-DE\">Das Objekt besteht aus einer gebogenen Vollholzleiste, 65 mm x 8 mm x 4600 mm mit einseitig umlaufend eingefr\u00e4ster Nut, Tiefe ca. 3 mm x Breite ca. 10 mm Leuchtmittel: COB LED Band flach leuchtend. Das Band ist in der eingefr\u00e4sten Nut verklebt. Betonfuss in Linsenform, Durchmesser ca. 40 cm, anthrazitfarben pigmentiert mit Zuschl\u00e4gen aus wei\u00dfem und schwarzem Granit.<\/span><\/p>\n","protected":false},"featured_media":1539,"comment_status":"open","ping_status":"closed","template":"","meta":{"jetpack_publicize_message":"","jetpack_is_tweetstorm":false,"jetpack_publicize_feature_enabled":true},"product_cat":[143,76],"product_tag":[83,257,157,248,256,151,85,258],"jetpack_publicize_connections":[],"jetpack_sharing_enabled":true,"_links":{"self":[{"href":"https:\/\/multiples-store.de\/index.php?rest_route=\/wp\/v2\/product\/1529"}],"collection":[{"href":"https:\/\/multiples-store.de\/index.php?rest_route=\/wp\/v2\/product"}],"about":[{"href":"https:\/\/multiples-store.de\/index.php?rest_route=\/wp\/v2\/types\/product"}],"replies":[{"embeddable":true,"href":"https:\/\/multiples-store.de\/index.php?rest_route=%2Fwp%2Fv2%2Fcomments&post=1529"}],"wp:featuredmedia":[{"embeddable":true,"href":"https:\/\/multiples-store.de\/index.php?rest_route=\/wp\/v2\/media\/1539"}],"wp:attachment":[{"href":"https:\/\/multiples-store.de\/index.php?rest_route=%2Fwp%2Fv2%2Fmedia&parent=1529"}],"wp:term":[{"taxonomy":"product_cat","embeddable":true,"href":"https:\/\/multiples-store.de\/index.php?rest_route=%2Fwp%2Fv2%2Fproduct_cat&post=1529"},{"taxonomy":"product_tag","embeddable":true,"href":"https:\/\/multiples-store.de\/index.php?rest_route=%2Fwp%2Fv2%2Fproduct_tag&post=1529"}],"curies":[{"name":"wp","href":"https:\/\/api.w.org\/{rel}","templated":true}]}}