{"id":1438,"date":"2021-04-19T16:28:01","date_gmt":"2021-04-19T16:28:01","guid":{"rendered":"https:\/\/multiples-store.de\/?post_type=product&#038;p=1438"},"modified":"2025-07-14T08:11:56","modified_gmt":"2025-07-14T08:11:56","slug":"handkorb-aus-weisser-weide","status":"publish","type":"product","link":"https:\/\/multiples-store.de\/?product=handkorb-aus-weisser-weide","title":{"rendered":"Handkorb aus wei\u00dfer Weide"},"content":{"rendered":"<p>Ein- und abgekimmt mit berindeter Weide, an den Stirnseiten gest\u00e4bt, gestechter Fu\u00df als Bodenschutz<\/p>\n<p>H\u00f6he: 24 cm bzw,. 29 cm mit Henkel 41 cm, oval: 43 cm x 29 cm<\/p>\n<p>Hergestellt in der Uckermark aus Weiden aus der Uckermark vom Korbmachermeister Werner Keup<\/p>\n","protected":false},"excerpt":{"rendered":"<p>Ein- und abgekimmt mit berindeter Weide, an den Stirnseiten gest\u00e4bt, gestechter Fu\u00df als Bodenschutz<\/p>\n<p>H\u00f6he: 24 cm bzw,. 29 cm mit Henkel 41 cm, oval: 43 cm x 29 cm<\/p>\n<p>Hergestellt in der Uckermark aus Weiden aus der Uckermark vom Korbmachermeister Werner Keup<\/p>\n","protected":false},"featured_media":1439,"comment_status":"open","ping_status":"closed","template":"","meta":{"jetpack_publicize_message":"","jetpack_is_tweetstorm":false,"jetpack_publicize_feature_enabled":true},"product_cat":[245],"product_tag":[249,248,250,183,246,251],"jetpack_publicize_connections":[],"jetpack_sharing_enabled":true,"_links":{"self":[{"href":"https:\/\/multiples-store.de\/index.php?rest_route=\/wp\/v2\/product\/1438"}],"collection":[{"href":"https:\/\/multiples-store.de\/index.php?rest_route=\/wp\/v2\/product"}],"about":[{"href":"https:\/\/multiples-store.de\/index.php?rest_route=\/wp\/v2\/types\/product"}],"replies":[{"embeddable":true,"href":"https:\/\/multiples-store.de\/index.php?rest_route=%2Fwp%2Fv2%2Fcomments&post=1438"}],"wp:featuredmedia":[{"embeddable":true,"href":"https:\/\/multiples-store.de\/index.php?rest_route=\/wp\/v2\/media\/1439"}],"wp:attachment":[{"href":"https:\/\/multiples-store.de\/index.php?rest_route=%2Fwp%2Fv2%2Fmedia&parent=1438"}],"wp:term":[{"taxonomy":"product_cat","embeddable":true,"href":"https:\/\/multiples-store.de\/index.php?rest_route=%2Fwp%2Fv2%2Fproduct_cat&post=1438"},{"taxonomy":"product_tag","embeddable":true,"href":"https:\/\/multiples-store.de\/index.php?rest_route=%2Fwp%2Fv2%2Fproduct_tag&post=1438"}],"curies":[{"name":"wp","href":"https:\/\/api.w.org\/{rel}","templated":true}]}}