{"id":1401,"date":"2021-02-04T15:16:13","date_gmt":"2021-02-04T15:16:13","guid":{"rendered":"https:\/\/multiples-store.de\/?post_type=product&#038;p=1401"},"modified":"2021-02-04T15:16:13","modified_gmt":"2021-02-04T15:16:13","slug":"toepferware-3er-set","status":"publish","type":"product","link":"https:\/\/multiples-store.de\/?product=toepferware-3er-set","title":{"rendered":"T\u00f6pferware, 3er Set"},"content":{"rendered":"<p>Handget\u00f6pfertes 3er Set mit kleinem Tellerchen, Schale und Becher, wei\u00dfer Ton mit schwarzbrauner Lasur und Ritzungen, Innenseiten glasiert<\/p>\n<p>Ma\u00dfe<\/p>\n<p>Becher: Durchmesser 8 cm, H\u00f6he 7 cm<\/p>\n<p>Schale: Durchmesser 12 cm, H\u00f6he 4 cm<\/p>\n<p>Tellerchen: Durchmesser 15 cm, H\u00f6he 1,5 cm<\/p>\n<p>sp\u00fclmaschinenfest<\/p>\n<p>&nbsp;<\/p>\n","protected":false},"excerpt":{"rendered":"<p>Handget\u00f6pfertes 3er Set mit kleinem Tellerchen, Schale und Becher, wei\u00dfer Ton mit schwarzbrauner Lasur und Ritzungen, Innenseiten glasiert<\/p>\n<p>Ma\u00dfe<\/p>\n<p>Becher: Durchmesser 8 cm, H\u00f6he 7 cm<\/p>\n<p>Schale: Durchmesser 12 cm, H\u00f6he 4 cm<\/p>\n<p>Tellerchen: Durchmesser 15 cm, H\u00f6he 1,5 cm<\/p>\n<p>sp\u00fclmaschinenfest<\/p>\n","protected":false},"featured_media":1406,"comment_status":"open","ping_status":"closed","template":"","meta":{"jetpack_publicize_message":"","jetpack_is_tweetstorm":false,"jetpack_publicize_feature_enabled":true},"product_cat":[92],"product_tag":[242,243,244],"jetpack_publicize_connections":[],"jetpack_sharing_enabled":true,"_links":{"self":[{"href":"https:\/\/multiples-store.de\/index.php?rest_route=\/wp\/v2\/product\/1401"}],"collection":[{"href":"https:\/\/multiples-store.de\/index.php?rest_route=\/wp\/v2\/product"}],"about":[{"href":"https:\/\/multiples-store.de\/index.php?rest_route=\/wp\/v2\/types\/product"}],"replies":[{"embeddable":true,"href":"https:\/\/multiples-store.de\/index.php?rest_route=%2Fwp%2Fv2%2Fcomments&post=1401"}],"wp:featuredmedia":[{"embeddable":true,"href":"https:\/\/multiples-store.de\/index.php?rest_route=\/wp\/v2\/media\/1406"}],"wp:attachment":[{"href":"https:\/\/multiples-store.de\/index.php?rest_route=%2Fwp%2Fv2%2Fmedia&parent=1401"}],"wp:term":[{"taxonomy":"product_cat","embeddable":true,"href":"https:\/\/multiples-store.de\/index.php?rest_route=%2Fwp%2Fv2%2Fproduct_cat&post=1401"},{"taxonomy":"product_tag","embeddable":true,"href":"https:\/\/multiples-store.de\/index.php?rest_route=%2Fwp%2Fv2%2Fproduct_tag&post=1401"}],"curies":[{"name":"wp","href":"https:\/\/api.w.org\/{rel}","templated":true}]}}