{"id":1396,"date":"2021-02-04T14:35:05","date_gmt":"2021-02-04T14:35:05","guid":{"rendered":"https:\/\/multiples-store.de\/?post_type=product&#038;p=1396"},"modified":"2021-02-04T14:43:41","modified_gmt":"2021-02-04T14:43:41","slug":"grosse-putz-oder-spuellappen-aus-receycelter-baumwolle","status":"publish","type":"product","link":"https:\/\/multiples-store.de\/?product=grosse-putz-oder-spuellappen-aus-receycelter-baumwolle","title":{"rendered":"Gro\u00dfe Putz- oder Sp\u00fcllappen aus receycelter Baumwolle"},"content":{"rendered":"<p>2 Lappen zum Putzen oder Sp\u00fclen aus receycelter Baumwolle, 2-lagig<\/p>\n<p>30 x 30 cm, eine Seite rot-wei\u00df-hellr\u00fcn kariert, die andere Seite in rot, handgemacht in unserer Werkstatt<\/p>\n<p>100% Baumwolle, waschbar bei 60 \u00b0<\/p>\n<p>&nbsp;<\/p>\n","protected":false},"excerpt":{"rendered":"<p>2 Lappen zum Putzen oder Sp\u00fclen aus receycelter Baumwolle, 2-lagig<\/p>\n<p>30 x 30 cm, eine Seite rot-wei\u00df-hellr\u00fcn kariert, die Seite andere in rot, handgemacht in unserer Werkstatt<\/p>\n<p>100% Baumwolle, waschbar bei 60 \u00b0<\/p>\n","protected":false},"featured_media":1398,"comment_status":"open","ping_status":"closed","template":"","meta":{"jetpack_publicize_message":"","jetpack_is_tweetstorm":false,"jetpack_publicize_feature_enabled":true},"product_cat":[98],"product_tag":[183,100,241,104],"jetpack_publicize_connections":[],"jetpack_sharing_enabled":true,"_links":{"self":[{"href":"https:\/\/multiples-store.de\/index.php?rest_route=\/wp\/v2\/product\/1396"}],"collection":[{"href":"https:\/\/multiples-store.de\/index.php?rest_route=\/wp\/v2\/product"}],"about":[{"href":"https:\/\/multiples-store.de\/index.php?rest_route=\/wp\/v2\/types\/product"}],"replies":[{"embeddable":true,"href":"https:\/\/multiples-store.de\/index.php?rest_route=%2Fwp%2Fv2%2Fcomments&post=1396"}],"wp:featuredmedia":[{"embeddable":true,"href":"https:\/\/multiples-store.de\/index.php?rest_route=\/wp\/v2\/media\/1398"}],"wp:attachment":[{"href":"https:\/\/multiples-store.de\/index.php?rest_route=%2Fwp%2Fv2%2Fmedia&parent=1396"}],"wp:term":[{"taxonomy":"product_cat","embeddable":true,"href":"https:\/\/multiples-store.de\/index.php?rest_route=%2Fwp%2Fv2%2Fproduct_cat&post=1396"},{"taxonomy":"product_tag","embeddable":true,"href":"https:\/\/multiples-store.de\/index.php?rest_route=%2Fwp%2Fv2%2Fproduct_tag&post=1396"}],"curies":[{"name":"wp","href":"https:\/\/api.w.org\/{rel}","templated":true}]}}