{"id":1390,"date":"2021-02-04T14:32:38","date_gmt":"2021-02-04T14:32:38","guid":{"rendered":"https:\/\/multiples-store.de\/?post_type=product&#038;p=1390"},"modified":"2021-02-04T14:32:38","modified_gmt":"2021-02-04T14:32:38","slug":"putz-oder-spuellappen-aus-receycelter-baumwolle","status":"publish","type":"product","link":"https:\/\/multiples-store.de\/?product=putz-oder-spuellappen-aus-receycelter-baumwolle","title":{"rendered":"Putz- oder Sp\u00fcllappen aus receycelter Baumwolle"},"content":{"rendered":"<p>Lappen zum Putzen oder Sp\u00fclen aus receycelter Baumwolle, 3-lagig mit Flie\u00df daher besonders saugf\u00e4hig<\/p>\n<p>23 x 24 cm, rot-wei\u00df-hellr\u00fcn kariert, handgemacht in unserer Werkstatt<\/p>\n<p>100% Baumwolle, waschbar bei 60 \u00b0<\/p>\n<p>&nbsp;<\/p>\n","protected":false},"excerpt":{"rendered":"<p>Lappen zum Putzen oder Sp\u00fclen aus receycelter Baumwolle, 3-lagig mit Flie\u00df daher besonders saugf\u00e4hig<\/p>\n<p>23 x 24 cm, rot-wei\u00df-hellr\u00fcn kariert, handgemacht in unserer Werkstatt<\/p>\n<p>100% Baumwolle, waschbar bei 60 \u00b0<\/p>\n","protected":false},"featured_media":1393,"comment_status":"open","ping_status":"closed","template":"","meta":{"jetpack_publicize_message":"","jetpack_is_tweetstorm":false,"jetpack_publicize_feature_enabled":true},"product_cat":[98],"product_tag":[183,100,241,104],"jetpack_publicize_connections":[],"jetpack_sharing_enabled":true,"_links":{"self":[{"href":"https:\/\/multiples-store.de\/index.php?rest_route=\/wp\/v2\/product\/1390"}],"collection":[{"href":"https:\/\/multiples-store.de\/index.php?rest_route=\/wp\/v2\/product"}],"about":[{"href":"https:\/\/multiples-store.de\/index.php?rest_route=\/wp\/v2\/types\/product"}],"replies":[{"embeddable":true,"href":"https:\/\/multiples-store.de\/index.php?rest_route=%2Fwp%2Fv2%2Fcomments&post=1390"}],"wp:featuredmedia":[{"embeddable":true,"href":"https:\/\/multiples-store.de\/index.php?rest_route=\/wp\/v2\/media\/1393"}],"wp:attachment":[{"href":"https:\/\/multiples-store.de\/index.php?rest_route=%2Fwp%2Fv2%2Fmedia&parent=1390"}],"wp:term":[{"taxonomy":"product_cat","embeddable":true,"href":"https:\/\/multiples-store.de\/index.php?rest_route=%2Fwp%2Fv2%2Fproduct_cat&post=1390"},{"taxonomy":"product_tag","embeddable":true,"href":"https:\/\/multiples-store.de\/index.php?rest_route=%2Fwp%2Fv2%2Fproduct_tag&post=1390"}],"curies":[{"name":"wp","href":"https:\/\/api.w.org\/{rel}","templated":true}]}}