{"id":1358,"date":"2021-01-31T13:10:32","date_gmt":"2021-01-31T13:10:32","guid":{"rendered":"https:\/\/multiples-store.de\/?post_type=product&#038;p=1358"},"modified":"2021-01-31T13:10:32","modified_gmt":"2021-01-31T13:10:32","slug":"rosa-wickelbluse","status":"publish","type":"product","link":"https:\/\/multiples-store.de\/?product=rosa-wickelbluse","title":{"rendered":"Rosa Wickelbluse"},"content":{"rendered":"<p>Wundersch\u00f6ne rasafarbene Wickelbluse mit langen Wickelb\u00e4ndern, vorne oder hinten zu verknoten, kleiner Kragen, kurze \u00c4rmel<\/p>\n<p>Gr\u00f6\u00dfe 38, 1 x getragen, ohne Sch\u00e4den<\/p>\n<p>95% Baumwolle, 5% Lycra<\/p>\n<p>CONLEY&#8217;S<\/p>\n<p>&nbsp;<\/p>\n","protected":false},"excerpt":{"rendered":"<p>Wundersch\u00f6ne rasafarbene Wickelbluse mit langen Wickelb\u00e4ndern, vorne oder hinten zu verknoten, kleiner Kragen, kurze \u00c4rmel<\/p>\n<p>Gr\u00f6\u00dfe 38, 1 x getragen, ohne Sch\u00e4den<\/p>\n<p>95% Baumwolle, 5% Lycra<\/p>\n<p>CONLEY&#8217;S<\/p>\n","protected":false},"featured_media":1335,"comment_status":"open","ping_status":"closed","template":"","meta":{"jetpack_publicize_message":"","jetpack_is_tweetstorm":false,"jetpack_publicize_feature_enabled":true},"product_cat":[178],"product_tag":[179,186,182,184,183,180,181,231],"jetpack_publicize_connections":[],"jetpack_sharing_enabled":true,"_links":{"self":[{"href":"https:\/\/multiples-store.de\/index.php?rest_route=\/wp\/v2\/product\/1358"}],"collection":[{"href":"https:\/\/multiples-store.de\/index.php?rest_route=\/wp\/v2\/product"}],"about":[{"href":"https:\/\/multiples-store.de\/index.php?rest_route=\/wp\/v2\/types\/product"}],"replies":[{"embeddable":true,"href":"https:\/\/multiples-store.de\/index.php?rest_route=%2Fwp%2Fv2%2Fcomments&post=1358"}],"wp:featuredmedia":[{"embeddable":true,"href":"https:\/\/multiples-store.de\/index.php?rest_route=\/wp\/v2\/media\/1335"}],"wp:attachment":[{"href":"https:\/\/multiples-store.de\/index.php?rest_route=%2Fwp%2Fv2%2Fmedia&parent=1358"}],"wp:term":[{"taxonomy":"product_cat","embeddable":true,"href":"https:\/\/multiples-store.de\/index.php?rest_route=%2Fwp%2Fv2%2Fproduct_cat&post=1358"},{"taxonomy":"product_tag","embeddable":true,"href":"https:\/\/multiples-store.de\/index.php?rest_route=%2Fwp%2Fv2%2Fproduct_tag&post=1358"}],"curies":[{"name":"wp","href":"https:\/\/api.w.org\/{rel}","templated":true}]}}