{"id":1319,"date":"2021-01-31T10:59:57","date_gmt":"2021-01-31T10:59:57","guid":{"rendered":"https:\/\/multiples-store.de\/?post_type=product&#038;p=1319"},"modified":"2021-01-31T11:15:00","modified_gmt":"2021-01-31T11:15:00","slug":"gemusterte-sommerhose","status":"publish","type":"product","link":"https:\/\/multiples-store.de\/?product=gemusterte-sommerhose","title":{"rendered":"gemusterte Sommerhose"},"content":{"rendered":"<p>Wundersch\u00f6ne Sommerhose in grau mit kleinem Muster in schwarz und blau, sch\u00f6ne Details,\u00a0 mit Rei\u00dfverschlu\u00df, Knopf, Taschen seitlich und am Ges\u00e4\u00df, G\u00fcrtelschlaufen, schmal geschnitten, h\u00fcfthoch, aus NY mitgebracht<\/p>\n<p>Gr\u00f6\u00dfe 26\/28, wenig getragen, keine Sch\u00e4den<\/p>\n<p>100% Baumwolle<\/p>\n<p>BENSON New York N.Y.<\/p>\n","protected":false},"excerpt":{"rendered":"<p>Wundersch\u00f6ne Sommerhose in grau mit kleinem Muster in schwarz und blau, sch\u00f6ne Details,\u00a0 mit Rei\u00dfverschlu\u00df, Knopf, Taschen seitlich und am Ges\u00e4\u00df, G\u00fcrtelschlaufen, schmal geschnitten, h\u00fcfthoch, aus NY mitgebracht<\/p>\n<p>Gr\u00f6\u00dfe 26\/28, wenig getragen, keine Sch\u00e4den<\/p>\n<p>100% Baumwolle<\/p>\n<p>BENSON New York N.Y.<\/p>\n","protected":false},"featured_media":1308,"comment_status":"open","ping_status":"closed","template":"","meta":{"jetpack_publicize_message":"","jetpack_is_tweetstorm":false,"jetpack_publicize_feature_enabled":true},"product_cat":[178],"product_tag":[192,186,226,184,183,180,227,181],"jetpack_publicize_connections":[],"jetpack_sharing_enabled":true,"_links":{"self":[{"href":"https:\/\/multiples-store.de\/index.php?rest_route=\/wp\/v2\/product\/1319"}],"collection":[{"href":"https:\/\/multiples-store.de\/index.php?rest_route=\/wp\/v2\/product"}],"about":[{"href":"https:\/\/multiples-store.de\/index.php?rest_route=\/wp\/v2\/types\/product"}],"replies":[{"embeddable":true,"href":"https:\/\/multiples-store.de\/index.php?rest_route=%2Fwp%2Fv2%2Fcomments&post=1319"}],"wp:featuredmedia":[{"embeddable":true,"href":"https:\/\/multiples-store.de\/index.php?rest_route=\/wp\/v2\/media\/1308"}],"wp:attachment":[{"href":"https:\/\/multiples-store.de\/index.php?rest_route=%2Fwp%2Fv2%2Fmedia&parent=1319"}],"wp:term":[{"taxonomy":"product_cat","embeddable":true,"href":"https:\/\/multiples-store.de\/index.php?rest_route=%2Fwp%2Fv2%2Fproduct_cat&post=1319"},{"taxonomy":"product_tag","embeddable":true,"href":"https:\/\/multiples-store.de\/index.php?rest_route=%2Fwp%2Fv2%2Fproduct_tag&post=1319"}],"curies":[{"name":"wp","href":"https:\/\/api.w.org\/{rel}","templated":true}]}}