{"id":1318,"date":"2021-01-31T10:52:09","date_gmt":"2021-01-31T10:52:09","guid":{"rendered":"https:\/\/multiples-store.de\/?post_type=product&#038;p=1318"},"modified":"2021-01-31T10:52:09","modified_gmt":"2021-01-31T10:52:09","slug":"kurzer-schwarzer-baumwollpullover","status":"publish","type":"product","link":"https:\/\/multiples-store.de\/?product=kurzer-schwarzer-baumwollpullover","title":{"rendered":"Kurzer schwarzer Baumwollpullover"},"content":{"rendered":"<p>Leichter, kurzer schwarzer Pullover mit B\u00fcndchen am runden weiten Ausschnitt, \u00c4rmeln und unten<\/p>\n<p>Basic ohne Zeug und Ged\u00f6ns<\/p>\n<p>Gr\u00f6\u00dfe M, getragen ohne Sch\u00e4den<\/p>\n<p>100% Baumwolle<\/p>\n<p>HENNES<\/p>\n<p>&nbsp;<\/p>\n","protected":false},"excerpt":{"rendered":"<p>Leichter, kurzer schwarzer Pullover mit B\u00fcndchen am runden weiten Ausschnitt, \u00c4rmeln und unten Basic ohne Zeug und Ged\u00f6ns Gr\u00f6\u00dfe M, getragen ohne Sch\u00e4den 100% Baumwolle HENNES &nbsp;<\/p>\n","protected":false},"featured_media":1304,"comment_status":"open","ping_status":"closed","template":"","meta":{"jetpack_publicize_message":"","jetpack_is_tweetstorm":false,"jetpack_publicize_feature_enabled":true},"product_cat":[178],"product_tag":[186,193,184,183,225,180,181],"jetpack_publicize_connections":[],"jetpack_sharing_enabled":true,"_links":{"self":[{"href":"https:\/\/multiples-store.de\/index.php?rest_route=\/wp\/v2\/product\/1318"}],"collection":[{"href":"https:\/\/multiples-store.de\/index.php?rest_route=\/wp\/v2\/product"}],"about":[{"href":"https:\/\/multiples-store.de\/index.php?rest_route=\/wp\/v2\/types\/product"}],"replies":[{"embeddable":true,"href":"https:\/\/multiples-store.de\/index.php?rest_route=%2Fwp%2Fv2%2Fcomments&post=1318"}],"wp:featuredmedia":[{"embeddable":true,"href":"https:\/\/multiples-store.de\/index.php?rest_route=\/wp\/v2\/media\/1304"}],"wp:attachment":[{"href":"https:\/\/multiples-store.de\/index.php?rest_route=%2Fwp%2Fv2%2Fmedia&parent=1318"}],"wp:term":[{"taxonomy":"product_cat","embeddable":true,"href":"https:\/\/multiples-store.de\/index.php?rest_route=%2Fwp%2Fv2%2Fproduct_cat&post=1318"},{"taxonomy":"product_tag","embeddable":true,"href":"https:\/\/multiples-store.de\/index.php?rest_route=%2Fwp%2Fv2%2Fproduct_tag&post=1318"}],"curies":[{"name":"wp","href":"https:\/\/api.w.org\/{rel}","templated":true}]}}