{"id":1317,"date":"2021-01-31T10:46:45","date_gmt":"2021-01-31T10:46:45","guid":{"rendered":"https:\/\/multiples-store.de\/?post_type=product&#038;p=1317"},"modified":"2021-01-31T10:46:45","modified_gmt":"2021-01-31T10:46:45","slug":"schlichte-weisse-bluse","status":"publish","type":"product","link":"https:\/\/multiples-store.de\/?product=schlichte-weisse-bluse","title":{"rendered":"Schlichte wei\u00dfe Bluse"},"content":{"rendered":"<p>Schlichte wei\u00dfe Bluse ohne Kragen mit Kn\u00f6pfen, tailliert, sehr angenehm zu tragen<\/p>\n<p>Gr\u00f6\u00dfe M, getragen ohne Gebrauchsspuren<\/p>\n<p>97% Baumwolle, 3% Elastan<\/p>\n<p>Paul Costelloe Black Label<\/p>\n","protected":false},"excerpt":{"rendered":"<p>Schlichte wei\u00dfe Bluse ohne Kragen mit Kn\u00f6pfen, tailliert, sehr angenehm zu tragen<\/p>\n<p>Gr\u00f6\u00dfe M, getragen ohne Gebrauchsspuren<\/p>\n<p>97% Baumwolle, 3% Elastan<\/p>\n<p>Paul Costelloe Black Label<\/p>\n","protected":false},"featured_media":1307,"comment_status":"open","ping_status":"closed","template":"","meta":{"jetpack_publicize_message":"","jetpack_is_tweetstorm":false,"jetpack_publicize_feature_enabled":true},"product_cat":[178],"product_tag":[179,186,184,183,180,181,224],"jetpack_publicize_connections":[],"jetpack_sharing_enabled":true,"_links":{"self":[{"href":"https:\/\/multiples-store.de\/index.php?rest_route=\/wp\/v2\/product\/1317"}],"collection":[{"href":"https:\/\/multiples-store.de\/index.php?rest_route=\/wp\/v2\/product"}],"about":[{"href":"https:\/\/multiples-store.de\/index.php?rest_route=\/wp\/v2\/types\/product"}],"replies":[{"embeddable":true,"href":"https:\/\/multiples-store.de\/index.php?rest_route=%2Fwp%2Fv2%2Fcomments&post=1317"}],"wp:featuredmedia":[{"embeddable":true,"href":"https:\/\/multiples-store.de\/index.php?rest_route=\/wp\/v2\/media\/1307"}],"wp:attachment":[{"href":"https:\/\/multiples-store.de\/index.php?rest_route=%2Fwp%2Fv2%2Fmedia&parent=1317"}],"wp:term":[{"taxonomy":"product_cat","embeddable":true,"href":"https:\/\/multiples-store.de\/index.php?rest_route=%2Fwp%2Fv2%2Fproduct_cat&post=1317"},{"taxonomy":"product_tag","embeddable":true,"href":"https:\/\/multiples-store.de\/index.php?rest_route=%2Fwp%2Fv2%2Fproduct_tag&post=1317"}],"curies":[{"name":"wp","href":"https:\/\/api.w.org\/{rel}","templated":true}]}}