{"id":1295,"date":"2021-01-31T08:24:46","date_gmt":"2021-01-31T08:24:46","guid":{"rendered":"https:\/\/multiples-store.de\/?post_type=product&#038;p=1295"},"modified":"2021-01-31T08:35:53","modified_gmt":"2021-01-31T08:35:53","slug":"dunkelgruenes-kleid-mit-3-4-aermeln","status":"publish","type":"product","link":"https:\/\/multiples-store.de\/?product=dunkelgruenes-kleid-mit-3-4-aermeln","title":{"rendered":"Dunkelgr\u00fcnes Kleid mit 3\/4 \u00c4rmeln"},"content":{"rendered":"<p>Wundersch\u00f6nes knielanges Kleid mit 3\/4 langen \u00c4rmeln, r\u00fcckw\u00e4rtigem Rei\u00dfverschlu\u00df, Seitentaschen, gef\u00fcttert, runder Ausschnitt, milit\u00e4rgr\u00fcn<\/p>\n<p>Gr\u00f6\u00dfe 34, getragen ohne Gebrauchsspuren<\/p>\n<p>Obermaterial 100%Polyester, Futter 100% Viskose<\/p>\n<p>COS<\/p>\n","protected":false},"excerpt":{"rendered":"<p>Wundersch\u00f6nes knielanges Kleid mit 3\/4 langen \u00c4rmeln, r\u00fcckw\u00e4rtigem Rei\u00dfverschlu\u00df, Seitentaschen, gef\u00fcttert, runder Ausschnitt, milit\u00e4rgr\u00fcn<\/p>\n<p>Gr\u00f6\u00dfe 34, getragen ohne Gebrauchsspuren<\/p>\n<p>Obermaterial 100%Polyester, Futter 100% Viskose<\/p>\n<p>COS<\/p>\n","protected":false},"featured_media":1292,"comment_status":"open","ping_status":"closed","template":"","meta":{"jetpack_publicize_message":"","jetpack_is_tweetstorm":false,"jetpack_publicize_feature_enabled":true},"product_cat":[178],"product_tag":[186,182,184,183,203,180,181],"jetpack_publicize_connections":[],"jetpack_sharing_enabled":true,"_links":{"self":[{"href":"https:\/\/multiples-store.de\/index.php?rest_route=\/wp\/v2\/product\/1295"}],"collection":[{"href":"https:\/\/multiples-store.de\/index.php?rest_route=\/wp\/v2\/product"}],"about":[{"href":"https:\/\/multiples-store.de\/index.php?rest_route=\/wp\/v2\/types\/product"}],"replies":[{"embeddable":true,"href":"https:\/\/multiples-store.de\/index.php?rest_route=%2Fwp%2Fv2%2Fcomments&post=1295"}],"wp:featuredmedia":[{"embeddable":true,"href":"https:\/\/multiples-store.de\/index.php?rest_route=\/wp\/v2\/media\/1292"}],"wp:attachment":[{"href":"https:\/\/multiples-store.de\/index.php?rest_route=%2Fwp%2Fv2%2Fmedia&parent=1295"}],"wp:term":[{"taxonomy":"product_cat","embeddable":true,"href":"https:\/\/multiples-store.de\/index.php?rest_route=%2Fwp%2Fv2%2Fproduct_cat&post=1295"},{"taxonomy":"product_tag","embeddable":true,"href":"https:\/\/multiples-store.de\/index.php?rest_route=%2Fwp%2Fv2%2Fproduct_tag&post=1295"}],"curies":[{"name":"wp","href":"https:\/\/api.w.org\/{rel}","templated":true}]}}