{"id":1291,"date":"2021-01-31T07:45:36","date_gmt":"2021-01-31T07:45:36","guid":{"rendered":"https:\/\/multiples-store.de\/?post_type=product&#038;p=1291"},"modified":"2021-01-31T07:45:36","modified_gmt":"2021-01-31T07:45:36","slug":"schwarzes-top-2","status":"publish","type":"product","link":"https:\/\/multiples-store.de\/?product=schwarzes-top-2","title":{"rendered":"Schwarzes Top"},"content":{"rendered":"<p>Schwarzes Top \u00e4rmellos mit sch\u00f6nen Details: Sch\u00f6\u00dfchen, Netzeinsatz am Vorderteil, Rei\u00dfverschlu\u00df am R\u00fcckenteil<\/p>\n<p>Gr\u00f6\u00dfe 36, getragen ohne Gebrauchsspuren<\/p>\n<p>52% Polyamid, 46% Polyester, 2% Elastan<\/p>\n<p>H&amp;M<\/p>\n","protected":false},"excerpt":{"rendered":"<p>Schwarzes Top \u00e4rmellos mit sch\u00f6nen Details: Sch\u00f6\u00dfchen, Netzeinsatz am Vorderteil, Rei\u00dfverschlu\u00df am R\u00fcckenteil<\/p>\n<p>Gr\u00f6\u00dfe 36, getragen ohne Gebrauchsspuren<\/p>\n<p>52% Polyamid, 46% Polyester, 2% Elastan<\/p>\n<p>H&amp;M<\/p>\n","protected":false},"featured_media":1237,"comment_status":"open","ping_status":"closed","template":"","meta":{"jetpack_publicize_message":"","jetpack_is_tweetstorm":false,"jetpack_publicize_feature_enabled":true},"product_cat":[178],"product_tag":[186,220,184,183,180,181],"jetpack_publicize_connections":[],"jetpack_sharing_enabled":true,"_links":{"self":[{"href":"https:\/\/multiples-store.de\/index.php?rest_route=\/wp\/v2\/product\/1291"}],"collection":[{"href":"https:\/\/multiples-store.de\/index.php?rest_route=\/wp\/v2\/product"}],"about":[{"href":"https:\/\/multiples-store.de\/index.php?rest_route=\/wp\/v2\/types\/product"}],"replies":[{"embeddable":true,"href":"https:\/\/multiples-store.de\/index.php?rest_route=%2Fwp%2Fv2%2Fcomments&post=1291"}],"wp:featuredmedia":[{"embeddable":true,"href":"https:\/\/multiples-store.de\/index.php?rest_route=\/wp\/v2\/media\/1237"}],"wp:attachment":[{"href":"https:\/\/multiples-store.de\/index.php?rest_route=%2Fwp%2Fv2%2Fmedia&parent=1291"}],"wp:term":[{"taxonomy":"product_cat","embeddable":true,"href":"https:\/\/multiples-store.de\/index.php?rest_route=%2Fwp%2Fv2%2Fproduct_cat&post=1291"},{"taxonomy":"product_tag","embeddable":true,"href":"https:\/\/multiples-store.de\/index.php?rest_route=%2Fwp%2Fv2%2Fproduct_tag&post=1291"}],"curies":[{"name":"wp","href":"https:\/\/api.w.org\/{rel}","templated":true}]}}