{"id":1286,"date":"2021-01-31T07:06:21","date_gmt":"2021-01-31T07:06:21","guid":{"rendered":"https:\/\/multiples-store.de\/?post_type=product&#038;p=1286"},"modified":"2021-01-31T07:06:22","modified_gmt":"2021-01-31T07:06:22","slug":"t-shirt-mit-tu-berlin-aufdruck","status":"publish","type":"product","link":"https:\/\/multiples-store.de\/?product=t-shirt-mit-tu-berlin-aufdruck","title":{"rendered":"T-Shirt mit TU Berlin Aufdruck"},"content":{"rendered":"<p>Schlammfarbenes T-Shirt mit schwarzem TU Berlin Aufdruck<\/p>\n<p>schmal geschnitten<\/p>\n<p>Gr\u00f6\u00dfe S, getragen ohen Sch\u00e4den<\/p>\n<p>100% Baumwolle<\/p>\n","protected":false},"excerpt":{"rendered":"<p>Schlammfarbenes T-Shirt mit schwarzem TU Berlin Aufdruck<\/p>\n<p>schmal geschnitten<\/p>\n<p>Gr\u00f6\u00dfe S, getragen ohen Sch\u00e4den<\/p>\n<p>100% Baumwolle<\/p>\n","protected":false},"featured_media":1255,"comment_status":"open","ping_status":"closed","template":"","meta":{"jetpack_publicize_message":"","jetpack_is_tweetstorm":false,"jetpack_publicize_feature_enabled":true},"product_cat":[178],"product_tag":[186,189,184,183,180,181],"jetpack_publicize_connections":[],"jetpack_sharing_enabled":true,"_links":{"self":[{"href":"https:\/\/multiples-store.de\/index.php?rest_route=\/wp\/v2\/product\/1286"}],"collection":[{"href":"https:\/\/multiples-store.de\/index.php?rest_route=\/wp\/v2\/product"}],"about":[{"href":"https:\/\/multiples-store.de\/index.php?rest_route=\/wp\/v2\/types\/product"}],"replies":[{"embeddable":true,"href":"https:\/\/multiples-store.de\/index.php?rest_route=%2Fwp%2Fv2%2Fcomments&post=1286"}],"wp:featuredmedia":[{"embeddable":true,"href":"https:\/\/multiples-store.de\/index.php?rest_route=\/wp\/v2\/media\/1255"}],"wp:attachment":[{"href":"https:\/\/multiples-store.de\/index.php?rest_route=%2Fwp%2Fv2%2Fmedia&parent=1286"}],"wp:term":[{"taxonomy":"product_cat","embeddable":true,"href":"https:\/\/multiples-store.de\/index.php?rest_route=%2Fwp%2Fv2%2Fproduct_cat&post=1286"},{"taxonomy":"product_tag","embeddable":true,"href":"https:\/\/multiples-store.de\/index.php?rest_route=%2Fwp%2Fv2%2Fproduct_tag&post=1286"}],"curies":[{"name":"wp","href":"https:\/\/api.w.org\/{rel}","templated":true}]}}