{"id":1285,"date":"2021-01-31T06:59:38","date_gmt":"2021-01-31T06:59:38","guid":{"rendered":"https:\/\/multiples-store.de\/?post_type=product&#038;p=1285"},"modified":"2021-01-31T06:59:38","modified_gmt":"2021-01-31T06:59:38","slug":"langaermeliges-shirt","status":"publish","type":"product","link":"https:\/\/multiples-store.de\/?product=langaermeliges-shirt","title":{"rendered":"Lang\u00e4rmeliges Shirt"},"content":{"rendered":"<p>Dunkelblaues, lang\u00e4rmeliges Shirt mit Kragen und Band am Ausschnitt zum Schn\u00fcren, gemusterter Kragen- und B\u00fcndchen- Manschettenstoff<\/p>\n<p>Gr\u00f6\u00dfe S, wenig getragen, keine Sch\u00e4den<\/p>\n<p>95% Baumwolle, 5% Elastan<\/p>\n<p>Gaastra<\/p>\n","protected":false},"excerpt":{"rendered":"<p>Dunkelblaues, lang\u00e4rmeliges Shirt mit Kragen und Band am Ausschnitt zum Schn\u00fcren, gemusterter Kragen- und B\u00fcndchen- Manschettenstoff<\/p>\n<p>Gr\u00f6\u00dfe S, wenig getragen, keine Sch\u00e4den<\/p>\n<p>95% Baumwolle, 5% Elastan<\/p>\n<p>Gaastra<\/p>\n","protected":false},"featured_media":1259,"comment_status":"open","ping_status":"closed","template":"","meta":{"jetpack_publicize_message":"","jetpack_is_tweetstorm":false,"jetpack_publicize_feature_enabled":true},"product_cat":[178],"product_tag":[186,189,184,183,180,181],"jetpack_publicize_connections":[],"jetpack_sharing_enabled":true,"_links":{"self":[{"href":"https:\/\/multiples-store.de\/index.php?rest_route=\/wp\/v2\/product\/1285"}],"collection":[{"href":"https:\/\/multiples-store.de\/index.php?rest_route=\/wp\/v2\/product"}],"about":[{"href":"https:\/\/multiples-store.de\/index.php?rest_route=\/wp\/v2\/types\/product"}],"replies":[{"embeddable":true,"href":"https:\/\/multiples-store.de\/index.php?rest_route=%2Fwp%2Fv2%2Fcomments&post=1285"}],"wp:featuredmedia":[{"embeddable":true,"href":"https:\/\/multiples-store.de\/index.php?rest_route=\/wp\/v2\/media\/1259"}],"wp:attachment":[{"href":"https:\/\/multiples-store.de\/index.php?rest_route=%2Fwp%2Fv2%2Fmedia&parent=1285"}],"wp:term":[{"taxonomy":"product_cat","embeddable":true,"href":"https:\/\/multiples-store.de\/index.php?rest_route=%2Fwp%2Fv2%2Fproduct_cat&post=1285"},{"taxonomy":"product_tag","embeddable":true,"href":"https:\/\/multiples-store.de\/index.php?rest_route=%2Fwp%2Fv2%2Fproduct_tag&post=1285"}],"curies":[{"name":"wp","href":"https:\/\/api.w.org\/{rel}","templated":true}]}}