{"id":1284,"date":"2021-01-31T06:48:40","date_gmt":"2021-01-31T06:48:40","guid":{"rendered":"https:\/\/multiples-store.de\/?post_type=product&#038;p=1284"},"modified":"2021-01-31T06:48:40","modified_gmt":"2021-01-31T06:48:40","slug":"gestreifte-bluse","status":"publish","type":"product","link":"https:\/\/multiples-store.de\/?product=gestreifte-bluse","title":{"rendered":"Gestreifte Bluse"},"content":{"rendered":"<p>Hellblau-wei\u00df gestreifte Bluse mit sch\u00f6nen Details, zum Kn\u00f6pfen, kleine Brusttasche<\/p>\n<p>Gr\u00f6\u00dfe 38, getragen ohne Sch\u00e4den<\/p>\n<p>100 % Baumwolle<\/p>\n<p>L.O.G.G.<\/p>\n","protected":false},"excerpt":{"rendered":"<p>Hellblau-wei\u00df gestreifte Bluse mit sch\u00f6nen Details, zum Kn\u00f6pfen, kleine Brusttasche<\/p>\n<p>Gr\u00f6\u00dfe 38, getragen ohne Sch\u00e4den<\/p>\n<p>100 % Baumwolle<\/p>\n<p>L.O.G.G.<\/p>\n","protected":false},"featured_media":1266,"comment_status":"open","ping_status":"closed","template":"","meta":{"jetpack_publicize_message":"","jetpack_is_tweetstorm":false,"jetpack_publicize_feature_enabled":true},"product_cat":[178],"product_tag":[179,186,184,183,180,181],"jetpack_publicize_connections":[],"jetpack_sharing_enabled":true,"_links":{"self":[{"href":"https:\/\/multiples-store.de\/index.php?rest_route=\/wp\/v2\/product\/1284"}],"collection":[{"href":"https:\/\/multiples-store.de\/index.php?rest_route=\/wp\/v2\/product"}],"about":[{"href":"https:\/\/multiples-store.de\/index.php?rest_route=\/wp\/v2\/types\/product"}],"replies":[{"embeddable":true,"href":"https:\/\/multiples-store.de\/index.php?rest_route=%2Fwp%2Fv2%2Fcomments&post=1284"}],"wp:featuredmedia":[{"embeddable":true,"href":"https:\/\/multiples-store.de\/index.php?rest_route=\/wp\/v2\/media\/1266"}],"wp:attachment":[{"href":"https:\/\/multiples-store.de\/index.php?rest_route=%2Fwp%2Fv2%2Fmedia&parent=1284"}],"wp:term":[{"taxonomy":"product_cat","embeddable":true,"href":"https:\/\/multiples-store.de\/index.php?rest_route=%2Fwp%2Fv2%2Fproduct_cat&post=1284"},{"taxonomy":"product_tag","embeddable":true,"href":"https:\/\/multiples-store.de\/index.php?rest_route=%2Fwp%2Fv2%2Fproduct_tag&post=1284"}],"curies":[{"name":"wp","href":"https:\/\/api.w.org\/{rel}","templated":true}]}}