{"id":1281,"date":"2021-01-29T15:47:39","date_gmt":"2021-01-29T15:47:39","guid":{"rendered":"https:\/\/multiples-store.de\/?post_type=product&#038;p=1281"},"modified":"2021-01-29T15:51:38","modified_gmt":"2021-01-29T15:51:38","slug":"kleiner-hocker-aus-vierkantstahlrahmen-mit-sitzplatte-aus-holz","status":"publish","type":"product","link":"https:\/\/multiples-store.de\/?product=kleiner-hocker-aus-vierkantstahlrahmen-mit-sitzplatte-aus-holz","title":{"rendered":"Kleiner  Hocker aus Vierkantstahlrahmen mit Sitzplatte aus Holz"},"content":{"rendered":"<p>Kleiner Hocker oder Beistelltisch in den Ma\u00dfen: H\u00f6he ca. 40 cm, Breite 40 cm, Tiefe 40 cm, handgefertigt in unserer Werkstatt Dreesch7<\/p>\n<p>Rahmen aus Vierkantvollstahl 16\/16 mm. Sitzplatte aus L\u00e4rchenholz natur, entweder L\u00e4rchenholz gefl\u00e4mmt und versiegelt, auf Wunsch Sitzplatte auch aus anderen H\u00f6lzern m\u00f6glich.<\/p>\n<p>Hocker mit gefl\u00e4mmten H\u00f6lzern sind witterungsbest\u00e4ndig und k\u00f6nnen drau\u00dfen verwendet werden.<\/p>\n<p>Gewicht mit Sitzplatte aus Holz ca. 8,3 kg<\/p>\n<p>&nbsp;<\/p>\n<p>&nbsp;<\/p>\n","protected":false},"excerpt":{"rendered":"<p>Kleiner Hocker oder Beistelltisch in den Ma\u00dfen: H\u00f6he ca. 40 cm, Breite 40 cm, Tiefe 40 cm, handgefertigt in unserer Werkstatt Dreesch7<\/p>\n<p>Rahmen aus Vierkantvollstahl 16\/16 mm. Sitzplatte aus L\u00e4rchenholz natur, entweder L\u00e4rchenholz gefl\u00e4mmt und versiegelt, auf Wunsch Sitzplatte auch aus anderen H\u00f6lzern m\u00f6glich.<\/p>\n<p>Hocker mit gefl\u00e4mmten H\u00f6lzern sind witterungsbest\u00e4ndig und k\u00f6nnen drau\u00dfen verwendet werden.<\/p>\n<p>Gewicht mit Sitzplatte aus Holz ca. 8,3 kg<\/p>\n","protected":false},"featured_media":814,"comment_status":"open","ping_status":"closed","template":"","meta":{"jetpack_publicize_message":"","jetpack_is_tweetstorm":false,"jetpack_publicize_feature_enabled":true},"product_cat":[87,26],"product_tag":[205,138,132,147,137],"jetpack_publicize_connections":[],"jetpack_sharing_enabled":true,"_links":{"self":[{"href":"https:\/\/multiples-store.de\/index.php?rest_route=\/wp\/v2\/product\/1281"}],"collection":[{"href":"https:\/\/multiples-store.de\/index.php?rest_route=\/wp\/v2\/product"}],"about":[{"href":"https:\/\/multiples-store.de\/index.php?rest_route=\/wp\/v2\/types\/product"}],"replies":[{"embeddable":true,"href":"https:\/\/multiples-store.de\/index.php?rest_route=%2Fwp%2Fv2%2Fcomments&post=1281"}],"wp:featuredmedia":[{"embeddable":true,"href":"https:\/\/multiples-store.de\/index.php?rest_route=\/wp\/v2\/media\/814"}],"wp:attachment":[{"href":"https:\/\/multiples-store.de\/index.php?rest_route=%2Fwp%2Fv2%2Fmedia&parent=1281"}],"wp:term":[{"taxonomy":"product_cat","embeddable":true,"href":"https:\/\/multiples-store.de\/index.php?rest_route=%2Fwp%2Fv2%2Fproduct_cat&post=1281"},{"taxonomy":"product_tag","embeddable":true,"href":"https:\/\/multiples-store.de\/index.php?rest_route=%2Fwp%2Fv2%2Fproduct_tag&post=1281"}],"curies":[{"name":"wp","href":"https:\/\/api.w.org\/{rel}","templated":true}]}}