{"id":1219,"date":"2021-01-26T14:11:21","date_gmt":"2021-01-26T14:11:21","guid":{"rendered":"https:\/\/multiples-store.de\/?post_type=product&#038;p=1219"},"modified":"2021-01-26T14:11:21","modified_gmt":"2021-01-26T14:11:21","slug":"baumwolljacke-in-hellem-olivgruen","status":"publish","type":"product","link":"https:\/\/multiples-store.de\/?product=baumwolljacke-in-hellem-olivgruen","title":{"rendered":"Baumwolljacke in hellem olivgr\u00fcn"},"content":{"rendered":"<p>Sch\u00f6ne Baumwolljacke mit 4 Kn\u00f6pfen und 4 Taschen, \u00c4rmelmanschetten mit 1 Knopf, ungef\u00fcttert, mit kleingemustertem Futter an der r\u00fcckw\u00e4rtigen Schulterpartie, helles olivg\u00fcn<\/p>\n<p>Gr\u00f6\u00dfe M, getragen ohne Sch\u00e4den, mit Ersatzknopf<\/p>\n<p>100% Baumwolle<\/p>\n<p>KHUJO<\/p>\n","protected":false},"excerpt":{"rendered":"<p>Sch\u00f6ne Baumwolljacke mit 4 Kn\u00f6pfen und 4 Taschen, \u00c4rmelmanschetten mit 1 Knopf, ungef\u00fcttert, mit kleingemustertem Futter an der r\u00fcckw\u00e4rtigen Schulterpartie, helles olivg\u00fcn<\/p>\n<p>Gr\u00f6\u00dfe M, getragen ohne Sch\u00e4den, mit Ersatzknopf<\/p>\n<p>100% Baumwolle<\/p>\n<p>KHUJO<\/p>\n","protected":false},"featured_media":1221,"comment_status":"open","ping_status":"closed","template":"","meta":{"jetpack_publicize_message":"","jetpack_is_tweetstorm":false,"jetpack_publicize_feature_enabled":true},"product_cat":[178],"product_tag":[218,217,186,182,184,183,180,181],"jetpack_publicize_connections":[],"jetpack_sharing_enabled":true,"_links":{"self":[{"href":"https:\/\/multiples-store.de\/index.php?rest_route=\/wp\/v2\/product\/1219"}],"collection":[{"href":"https:\/\/multiples-store.de\/index.php?rest_route=\/wp\/v2\/product"}],"about":[{"href":"https:\/\/multiples-store.de\/index.php?rest_route=\/wp\/v2\/types\/product"}],"replies":[{"embeddable":true,"href":"https:\/\/multiples-store.de\/index.php?rest_route=%2Fwp%2Fv2%2Fcomments&post=1219"}],"wp:featuredmedia":[{"embeddable":true,"href":"https:\/\/multiples-store.de\/index.php?rest_route=\/wp\/v2\/media\/1221"}],"wp:attachment":[{"href":"https:\/\/multiples-store.de\/index.php?rest_route=%2Fwp%2Fv2%2Fmedia&parent=1219"}],"wp:term":[{"taxonomy":"product_cat","embeddable":true,"href":"https:\/\/multiples-store.de\/index.php?rest_route=%2Fwp%2Fv2%2Fproduct_cat&post=1219"},{"taxonomy":"product_tag","embeddable":true,"href":"https:\/\/multiples-store.de\/index.php?rest_route=%2Fwp%2Fv2%2Fproduct_tag&post=1219"}],"curies":[{"name":"wp","href":"https:\/\/api.w.org\/{rel}","templated":true}]}}