{"id":1184,"date":"2021-01-26T12:12:08","date_gmt":"2021-01-26T12:12:08","guid":{"rendered":"https:\/\/multiples-store.de\/?post_type=product&#038;p=1184"},"modified":"2021-01-26T12:12:09","modified_gmt":"2021-01-26T12:12:09","slug":"jeanshemd","status":"publish","type":"product","link":"https:\/\/multiples-store.de\/?product=jeanshemd","title":{"rendered":"Jeanshemd"},"content":{"rendered":"<p>Lange dunkelblaue Jeansjacke bzw. Jeanshemd mit Metallkn\u00f6pfen und Stretchanteil, schmal geschnitten, mit kleinem Kragen und 2 Brusttaschen<\/p>\n<p>Gr\u00f6\u00dfe 34, wenig getragen, keine Sch\u00e4den<\/p>\n<p>96% Baumwolle, 4% Elasthan<\/p>\n<p>WOMAN Collection<\/p>\n","protected":false},"excerpt":{"rendered":"<p>Lange dunkelblaue Jeansjacke bzw. Jeanshemd mit Metallkn\u00f6pfen und Stretchanteil, schmal geschnitten, mit kleinem Kragen und 2 Brusttaschen<\/p>\n<p>Gr\u00f6\u00dfe 34, wenig getragen, keine Sch\u00e4den<\/p>\n<p>96% Baumwolle, 4% Elasthan<\/p>\n<p>WOMAN Collection<\/p>\n","protected":false},"featured_media":1185,"comment_status":"open","ping_status":"closed","template":"","meta":{"jetpack_publicize_message":"","jetpack_is_tweetstorm":false,"jetpack_publicize_feature_enabled":true},"product_cat":[178],"product_tag":[186,213,212,184,183,180,181],"jetpack_publicize_connections":[],"jetpack_sharing_enabled":true,"_links":{"self":[{"href":"https:\/\/multiples-store.de\/index.php?rest_route=\/wp\/v2\/product\/1184"}],"collection":[{"href":"https:\/\/multiples-store.de\/index.php?rest_route=\/wp\/v2\/product"}],"about":[{"href":"https:\/\/multiples-store.de\/index.php?rest_route=\/wp\/v2\/types\/product"}],"replies":[{"embeddable":true,"href":"https:\/\/multiples-store.de\/index.php?rest_route=%2Fwp%2Fv2%2Fcomments&post=1184"}],"wp:featuredmedia":[{"embeddable":true,"href":"https:\/\/multiples-store.de\/index.php?rest_route=\/wp\/v2\/media\/1185"}],"wp:attachment":[{"href":"https:\/\/multiples-store.de\/index.php?rest_route=%2Fwp%2Fv2%2Fmedia&parent=1184"}],"wp:term":[{"taxonomy":"product_cat","embeddable":true,"href":"https:\/\/multiples-store.de\/index.php?rest_route=%2Fwp%2Fv2%2Fproduct_cat&post=1184"},{"taxonomy":"product_tag","embeddable":true,"href":"https:\/\/multiples-store.de\/index.php?rest_route=%2Fwp%2Fv2%2Fproduct_tag&post=1184"}],"curies":[{"name":"wp","href":"https:\/\/api.w.org\/{rel}","templated":true}]}}