{"id":1179,"date":"2021-01-26T11:14:53","date_gmt":"2021-01-26T11:14:53","guid":{"rendered":"https:\/\/multiples-store.de\/?post_type=product&#038;p=1179"},"modified":"2021-01-26T11:17:15","modified_gmt":"2021-01-26T11:17:15","slug":"t-shirtkleid-weiss-blau-geringelt","status":"publish","type":"product","link":"https:\/\/multiples-store.de\/?product=t-shirtkleid-weiss-blau-geringelt","title":{"rendered":"T-Shirtkleid wei\u00df-blau geringelt"},"content":{"rendered":"<p>Sch\u00f6nes Basicteil aus T-Shirtstoff mit kurzen \u00c4rmeln, cremewei\u00df-blau geringelt mit blauem Halsauschnittb\u00fcndchen, k\u00f6rperumspielend, kurze L\u00e4nge bis \u00fcber dem Knie<\/p>\n<p>Gr\u00f6\u00dfe S, 1 x getragen, neuwertig<\/p>\n<p>58% Baumwolle, 37% Polyester, 5% Elastan<\/p>\n<p>Basic von H&amp;M<\/p>\n","protected":false},"excerpt":{"rendered":"<p>Sch\u00f6nes Basicteil aus T-Shirtstoff mit kurzen \u00c4rmeln, cremewei\u00df-blau geringelt mit blauem Halsauschnittb\u00fcndchen, k\u00f6rperumspielend, kurze L\u00e4nge bis \u00fcber dem Knie<\/p>\n<p>Gr\u00f6\u00dfe S, 1 x getragen, neuwertig<\/p>\n<p>58% Baumwolle, 37% Polyester, 5% Elastan<\/p>\n<p>Basic von H&amp;M<\/p>\n","protected":false},"featured_media":1180,"comment_status":"open","ping_status":"closed","template":"","meta":{"jetpack_publicize_message":"","jetpack_is_tweetstorm":false,"jetpack_publicize_feature_enabled":true},"product_cat":[178],"product_tag":[186,211,184,183,180,195,209,181],"jetpack_publicize_connections":[],"jetpack_sharing_enabled":true,"_links":{"self":[{"href":"https:\/\/multiples-store.de\/index.php?rest_route=\/wp\/v2\/product\/1179"}],"collection":[{"href":"https:\/\/multiples-store.de\/index.php?rest_route=\/wp\/v2\/product"}],"about":[{"href":"https:\/\/multiples-store.de\/index.php?rest_route=\/wp\/v2\/types\/product"}],"replies":[{"embeddable":true,"href":"https:\/\/multiples-store.de\/index.php?rest_route=%2Fwp%2Fv2%2Fcomments&post=1179"}],"wp:featuredmedia":[{"embeddable":true,"href":"https:\/\/multiples-store.de\/index.php?rest_route=\/wp\/v2\/media\/1180"}],"wp:attachment":[{"href":"https:\/\/multiples-store.de\/index.php?rest_route=%2Fwp%2Fv2%2Fmedia&parent=1179"}],"wp:term":[{"taxonomy":"product_cat","embeddable":true,"href":"https:\/\/multiples-store.de\/index.php?rest_route=%2Fwp%2Fv2%2Fproduct_cat&post=1179"},{"taxonomy":"product_tag","embeddable":true,"href":"https:\/\/multiples-store.de\/index.php?rest_route=%2Fwp%2Fv2%2Fproduct_tag&post=1179"}],"curies":[{"name":"wp","href":"https:\/\/api.w.org\/{rel}","templated":true}]}}