{"id":1167,"date":"2021-01-26T10:50:26","date_gmt":"2021-01-26T10:50:26","guid":{"rendered":"https:\/\/multiples-store.de\/?post_type=product&#038;p=1167"},"modified":"2021-01-26T10:50:26","modified_gmt":"2021-01-26T10:50:26","slug":"blaues-baumwollkleid","status":"publish","type":"product","link":"https:\/\/multiples-store.de\/?product=blaues-baumwollkleid","title":{"rendered":"Blaues Baumwollkleid"},"content":{"rendered":"<p>Wundersch\u00f6nes dunkelblaues Kleid aus leichtem Baumwollstoff mit weitem Ausschnitt und kleinem umgeschlagenem Kragen sowie angeschnittenen kurzen \u00c4rmeln. R\u00fcckw\u00e4rtiger Rei\u00dfverschlu\u00df \u00fcber die gesamte L\u00e4nge, knielang und k\u00f6rperumspielend.<\/p>\n<p>Gr\u00f6\u00dfe 36, getragen, gut erhalten<\/p>\n<p>97% Baumwolle, 3% Elastan<\/p>\n<p>COS<\/p>\n","protected":false},"excerpt":{"rendered":"<p>Wundersch\u00f6nes dunkelblaues Kleid aus leichtem Baumwollstoff mit weitem Ausschnitt und kleinem umgeschlagenem Kragen sowie angeschnittenen kurzen \u00c4rmeln. R\u00fcckw\u00e4rtiger Rei\u00dfverschlu\u00df \u00fcber die gesamte L\u00e4nge, knielang und k\u00f6rperumspielend.<\/p>\n<p>Gr\u00f6\u00dfe 36, getragen, gut erhalten<\/p>\n<p>97% Baumwolle, 3% Elastan<\/p>\n<p>COS<\/p>\n","protected":false},"featured_media":1168,"comment_status":"open","ping_status":"closed","template":"","meta":{"jetpack_publicize_message":"","jetpack_is_tweetstorm":false,"jetpack_publicize_feature_enabled":true},"product_cat":[178],"product_tag":[207,186,182,184,183,180,195],"jetpack_publicize_connections":[],"jetpack_sharing_enabled":true,"_links":{"self":[{"href":"https:\/\/multiples-store.de\/index.php?rest_route=\/wp\/v2\/product\/1167"}],"collection":[{"href":"https:\/\/multiples-store.de\/index.php?rest_route=\/wp\/v2\/product"}],"about":[{"href":"https:\/\/multiples-store.de\/index.php?rest_route=\/wp\/v2\/types\/product"}],"replies":[{"embeddable":true,"href":"https:\/\/multiples-store.de\/index.php?rest_route=%2Fwp%2Fv2%2Fcomments&post=1167"}],"wp:featuredmedia":[{"embeddable":true,"href":"https:\/\/multiples-store.de\/index.php?rest_route=\/wp\/v2\/media\/1168"}],"wp:attachment":[{"href":"https:\/\/multiples-store.de\/index.php?rest_route=%2Fwp%2Fv2%2Fmedia&parent=1167"}],"wp:term":[{"taxonomy":"product_cat","embeddable":true,"href":"https:\/\/multiples-store.de\/index.php?rest_route=%2Fwp%2Fv2%2Fproduct_cat&post=1167"},{"taxonomy":"product_tag","embeddable":true,"href":"https:\/\/multiples-store.de\/index.php?rest_route=%2Fwp%2Fv2%2Fproduct_tag&post=1167"}],"curies":[{"name":"wp","href":"https:\/\/api.w.org\/{rel}","templated":true}]}}