{"id":1133,"date":"2021-01-26T05:47:49","date_gmt":"2021-01-26T05:47:49","guid":{"rendered":"https:\/\/multiples-store.de\/?post_type=product&#038;p=1133"},"modified":"2021-01-26T05:47:50","modified_gmt":"2021-01-26T05:47:50","slug":"elegantes-etuikleid","status":"publish","type":"product","link":"https:\/\/multiples-store.de\/?product=elegantes-etuikleid","title":{"rendered":"Elegantes Etuikleid"},"content":{"rendered":"<p>Wundersch\u00f6nes Etuikleid in einem dunklen Schwarzgr\u00fcnblau, leicht schimmernd. R\u00fcckw\u00e4rtiger Rei\u00dfverschlu\u00df. Gef\u00fcttert, knielang. Das perfekte Partykleid (wann die n\u00e4chste Party ist vielleicht noch unklar, aber dass sie kommt, ist sicher).<\/p>\n<p>Gr\u00f6\u00dfe 36, 1 x getragen, keine Sch\u00e4den<\/p>\n<p>Oberstoff 78% Acetat, 19% Polyamid, 3 % Elastan, Futter 97% Polyester, 3% Elastan<\/p>\n","protected":false},"excerpt":{"rendered":"<p>Wundersch\u00f6nes Etuikleid in einem dunklen Schwarzgr\u00fcnblau, leicht schimmernd. R\u00fcckw\u00e4rtiger Rei\u00dfverschlu\u00df. Gef\u00fcttert, knielang. Das perfekte Partykleid (wann die n\u00e4chste Party ist vielleicht noch unklar, aber dass sie kommt, ist sicher).<\/p>\n<p>Gr\u00f6\u00dfe 36, 1 x getragen, keine Sch\u00e4den<\/p>\n<p>Oberstoff 78% Acetat, 19% Polyamid, 3 % Elastan, Futter 97% Polyester, 3% Elastan<\/p>\n","protected":false},"featured_media":1134,"comment_status":"open","ping_status":"closed","template":"","meta":{"jetpack_publicize_message":"","jetpack_is_tweetstorm":false,"jetpack_publicize_feature_enabled":true},"product_cat":[178],"product_tag":[186,196,184,183,180,195,181],"jetpack_publicize_connections":[],"jetpack_sharing_enabled":true,"_links":{"self":[{"href":"https:\/\/multiples-store.de\/index.php?rest_route=\/wp\/v2\/product\/1133"}],"collection":[{"href":"https:\/\/multiples-store.de\/index.php?rest_route=\/wp\/v2\/product"}],"about":[{"href":"https:\/\/multiples-store.de\/index.php?rest_route=\/wp\/v2\/types\/product"}],"replies":[{"embeddable":true,"href":"https:\/\/multiples-store.de\/index.php?rest_route=%2Fwp%2Fv2%2Fcomments&post=1133"}],"wp:featuredmedia":[{"embeddable":true,"href":"https:\/\/multiples-store.de\/index.php?rest_route=\/wp\/v2\/media\/1134"}],"wp:attachment":[{"href":"https:\/\/multiples-store.de\/index.php?rest_route=%2Fwp%2Fv2%2Fmedia&parent=1133"}],"wp:term":[{"taxonomy":"product_cat","embeddable":true,"href":"https:\/\/multiples-store.de\/index.php?rest_route=%2Fwp%2Fv2%2Fproduct_cat&post=1133"},{"taxonomy":"product_tag","embeddable":true,"href":"https:\/\/multiples-store.de\/index.php?rest_route=%2Fwp%2Fv2%2Fproduct_tag&post=1133"}],"curies":[{"name":"wp","href":"https:\/\/api.w.org\/{rel}","templated":true}]}}