{"id":1121,"date":"2021-01-25T13:45:28","date_gmt":"2021-01-25T13:45:28","guid":{"rendered":"https:\/\/multiples-store.de\/?post_type=product&#038;p=1121"},"modified":"2021-01-25T13:45:28","modified_gmt":"2021-01-25T13:45:28","slug":"schwarze-baumwollstrickjacke","status":"publish","type":"product","link":"https:\/\/multiples-store.de\/?product=schwarze-baumwollstrickjacke","title":{"rendered":"Schwarze Baumwollstrickjacke"},"content":{"rendered":"<p>Schlichte schwarze Strickjacke aus Baumwolle mit hohem Stehkragen und Rei\u00dfverschlu\u00df, der oben und unten zu \u00f6ffnen ist. Basic und ohne Ged\u00f6ns.<\/p>\n<p>Gr\u00f6\u00dfe S, 80% Baumwolle, 20% Polyamid, wenig getragen ohne Sch\u00e4den<\/p>\n<p>L.O.G.G. by H&amp;M<\/p>\n","protected":false},"excerpt":{"rendered":"<p>Schlichte schwarze Strickjacke aus Baumwolle mit hohem Stehkragen und Rei\u00dfverschlu\u00df, der oben und unten zu \u00f6ffnen ist. Basic und ohne Ged\u00f6ns.<\/p>\n<p>Gr\u00f6\u00dfe S, 80% Baumwolle, 20% Polyamid, wenig getragen ohne Sch\u00e4den<\/p>\n<p>L.O.G.G. by H&amp;M<\/p>\n","protected":false},"featured_media":1122,"comment_status":"open","ping_status":"closed","template":"","meta":{"jetpack_publicize_message":"","jetpack_is_tweetstorm":false,"jetpack_publicize_feature_enabled":true},"product_cat":[178],"product_tag":[186,184,183,180,202,181],"jetpack_publicize_connections":[],"jetpack_sharing_enabled":true,"_links":{"self":[{"href":"https:\/\/multiples-store.de\/index.php?rest_route=\/wp\/v2\/product\/1121"}],"collection":[{"href":"https:\/\/multiples-store.de\/index.php?rest_route=\/wp\/v2\/product"}],"about":[{"href":"https:\/\/multiples-store.de\/index.php?rest_route=\/wp\/v2\/types\/product"}],"replies":[{"embeddable":true,"href":"https:\/\/multiples-store.de\/index.php?rest_route=%2Fwp%2Fv2%2Fcomments&post=1121"}],"wp:featuredmedia":[{"embeddable":true,"href":"https:\/\/multiples-store.de\/index.php?rest_route=\/wp\/v2\/media\/1122"}],"wp:attachment":[{"href":"https:\/\/multiples-store.de\/index.php?rest_route=%2Fwp%2Fv2%2Fmedia&parent=1121"}],"wp:term":[{"taxonomy":"product_cat","embeddable":true,"href":"https:\/\/multiples-store.de\/index.php?rest_route=%2Fwp%2Fv2%2Fproduct_cat&post=1121"},{"taxonomy":"product_tag","embeddable":true,"href":"https:\/\/multiples-store.de\/index.php?rest_route=%2Fwp%2Fv2%2Fproduct_tag&post=1121"}],"curies":[{"name":"wp","href":"https:\/\/api.w.org\/{rel}","templated":true}]}}