{"id":1111,"date":"2021-01-25T12:47:39","date_gmt":"2021-01-25T12:47:39","guid":{"rendered":"https:\/\/multiples-store.de\/?post_type=product&#038;p=1111"},"modified":"2021-01-25T12:49:19","modified_gmt":"2021-01-25T12:49:19","slug":"knallrote-lederjacke","status":"publish","type":"product","link":"https:\/\/multiples-store.de\/?product=knallrote-lederjacke","title":{"rendered":"Knallrote Lederjacke"},"content":{"rendered":"<p>Wundersch\u00f6ne, knallrote, weiche Lederjacke mit kleinem Stehkragen, Raglan\u00e4rmeln, Rei\u00dfverschlu\u00df, seitlichen Taschen, feststellbarem Kordelzug am Bund und 3 Druckkn\u00f6pfen an den \u00c4rmeln. Rotes Innenfutter.<\/p>\n<p>100% Lammnappaleder, Futter 61% Acetat, 39% Cupro<\/p>\n<p>Gr\u00f6\u00dfe 38, wenig getragen, keine Sch\u00e4den oder Tragespuren<\/p>\n<p>Strenesse BLUE<\/p>\n","protected":false},"excerpt":{"rendered":"<p>Wundersch\u00f6ne, knallrote, weiche Lederjacke mit kleinem Stehkragen, Raglan\u00e4rmeln, Rei\u00dfverschlu\u00df, seitlichen Taschen, feststellbarem Kordelzug am Bund und 3 Druckkn\u00f6pfen an den \u00c4rmeln. Rotes Innenfutter.<\/p>\n<p>100% Lammnappaleder, Futter 61% Acetat, 39% Cupro<\/p>\n<p>Gr\u00f6\u00dfe 38, wenig getragen, keine Sch\u00e4den oder Tragespuren<\/p>\n<p>Strenesse BLUE<\/p>\n","protected":false},"featured_media":1112,"comment_status":"open","ping_status":"closed","template":"","meta":{"jetpack_publicize_message":"","jetpack_is_tweetstorm":false,"jetpack_publicize_feature_enabled":true},"product_cat":[178],"product_tag":[186,201,182,184,183,180,181],"jetpack_publicize_connections":[],"jetpack_sharing_enabled":true,"_links":{"self":[{"href":"https:\/\/multiples-store.de\/index.php?rest_route=\/wp\/v2\/product\/1111"}],"collection":[{"href":"https:\/\/multiples-store.de\/index.php?rest_route=\/wp\/v2\/product"}],"about":[{"href":"https:\/\/multiples-store.de\/index.php?rest_route=\/wp\/v2\/types\/product"}],"replies":[{"embeddable":true,"href":"https:\/\/multiples-store.de\/index.php?rest_route=%2Fwp%2Fv2%2Fcomments&post=1111"}],"wp:featuredmedia":[{"embeddable":true,"href":"https:\/\/multiples-store.de\/index.php?rest_route=\/wp\/v2\/media\/1112"}],"wp:attachment":[{"href":"https:\/\/multiples-store.de\/index.php?rest_route=%2Fwp%2Fv2%2Fmedia&parent=1111"}],"wp:term":[{"taxonomy":"product_cat","embeddable":true,"href":"https:\/\/multiples-store.de\/index.php?rest_route=%2Fwp%2Fv2%2Fproduct_cat&post=1111"},{"taxonomy":"product_tag","embeddable":true,"href":"https:\/\/multiples-store.de\/index.php?rest_route=%2Fwp%2Fv2%2Fproduct_tag&post=1111"}],"curies":[{"name":"wp","href":"https:\/\/api.w.org\/{rel}","templated":true}]}}