{"id":1106,"date":"2021-01-25T12:17:00","date_gmt":"2021-01-25T12:17:00","guid":{"rendered":"https:\/\/multiples-store.de\/?post_type=product&#038;p=1106"},"modified":"2021-01-25T12:19:06","modified_gmt":"2021-01-25T12:19:06","slug":"blumenkleid-aus-leinen","status":"publish","type":"product","link":"https:\/\/multiples-store.de\/?product=blumenkleid-aus-leinen","title":{"rendered":"Blumenkleid aus Leinen"},"content":{"rendered":"<p>Kurzes, leichtes wei\u00dfes Kleid mit stilisierten schwarzen Tulpen und seitlich eingelassenem Strickstoff, kurze \u00c4rmel, seitliche Taschen. Etwas weiter geschnitten. Perfekt f\u00fcr den Sommer.<\/p>\n<p>Gr\u00f6\u00dfe S, wenig getragen, ohne Sch\u00e4den<\/p>\n<p>100% Leinen<\/p>\n<p>Lina Tomei<\/p>\n","protected":false},"excerpt":{"rendered":"<p>Kurzes, leichtes wei\u00dfes Kleid mit stilisierten schwarzen Tulpen und seitlich eingelassenem Strickstoff, kurze \u00c4rmel, seitliche Taschen. Etwas weiter geschnitten. Perfekt f\u00fcr den Sommer.<\/p>\n<p>Gr\u00f6\u00dfe S, wenig getragen, ohne Sch\u00e4den<\/p>\n<p>100% Leinen<\/p>\n<p>Lina Tomei<\/p>\n","protected":false},"featured_media":1109,"comment_status":"open","ping_status":"closed","template":"","meta":{"jetpack_publicize_message":"","jetpack_is_tweetstorm":false,"jetpack_publicize_feature_enabled":true},"product_cat":[178],"product_tag":[186,200,182,184,183,180,195,181],"jetpack_publicize_connections":[],"jetpack_sharing_enabled":true,"_links":{"self":[{"href":"https:\/\/multiples-store.de\/index.php?rest_route=\/wp\/v2\/product\/1106"}],"collection":[{"href":"https:\/\/multiples-store.de\/index.php?rest_route=\/wp\/v2\/product"}],"about":[{"href":"https:\/\/multiples-store.de\/index.php?rest_route=\/wp\/v2\/types\/product"}],"replies":[{"embeddable":true,"href":"https:\/\/multiples-store.de\/index.php?rest_route=%2Fwp%2Fv2%2Fcomments&post=1106"}],"wp:featuredmedia":[{"embeddable":true,"href":"https:\/\/multiples-store.de\/index.php?rest_route=\/wp\/v2\/media\/1109"}],"wp:attachment":[{"href":"https:\/\/multiples-store.de\/index.php?rest_route=%2Fwp%2Fv2%2Fmedia&parent=1106"}],"wp:term":[{"taxonomy":"product_cat","embeddable":true,"href":"https:\/\/multiples-store.de\/index.php?rest_route=%2Fwp%2Fv2%2Fproduct_cat&post=1106"},{"taxonomy":"product_tag","embeddable":true,"href":"https:\/\/multiples-store.de\/index.php?rest_route=%2Fwp%2Fv2%2Fproduct_tag&post=1106"}],"curies":[{"name":"wp","href":"https:\/\/api.w.org\/{rel}","templated":true}]}}