{"id":1099,"date":"2021-01-25T11:53:33","date_gmt":"2021-01-25T11:53:33","guid":{"rendered":"https:\/\/multiples-store.de\/?post_type=product&#038;p=1099"},"modified":"2021-01-25T11:53:33","modified_gmt":"2021-01-25T11:53:33","slug":"damenblazer-aus-baumwolle","status":"publish","type":"product","link":"https:\/\/multiples-store.de\/?product=damenblazer-aus-baumwolle","title":{"rendered":"Damenblazer aus Baumwolle"},"content":{"rendered":"<p>Kurzer Blazer aus schlammfarbenem feinem Baumwollstoff mit 2 Kn\u00f6pfen, Pattentaschen, rundem Saumabschlu\u00df und kleinem Schlitz hinten. Kleine kn\u00f6pfbare Innentasche, gestreiftes Innenfutter, sch\u00f6ne Detailverarbeitung<\/p>\n<p>Gr\u00f6\u00dfe 36, getragen, ohne Sch\u00e4den<\/p>\n<p>Obermaterial 100% Baumwolle, Innenfutter 100% Polyester<\/p>\n<p>Marc O&#8217;Polo<\/p>\n","protected":false},"excerpt":{"rendered":"<p>Kurzer Blazer aus schlammfarbenem feinem Baumwollstoff mit 2 Kn\u00f6pfen, Pattentaschen, rundem Saumabschlu\u00df und kleinem Schlitz hinten. Kleine kn\u00f6pfbare Innentasche, gestreiftes Innenfutter, sch\u00f6ne Detailverarbeitung<\/p>\n<p>Gr\u00f6\u00dfe 36, getragen, ohne Sch\u00e4den<\/p>\n<p>Obermaterial 100% Baumwolle, Innenfutter 100% Polyester<\/p>\n<p>Marc O&#8217;Polo<\/p>\n","protected":false},"featured_media":1101,"comment_status":"open","ping_status":"closed","template":"","meta":{"jetpack_publicize_message":"","jetpack_is_tweetstorm":false,"jetpack_publicize_feature_enabled":true},"product_cat":[178],"product_tag":[199,186,182,184,183,180,181],"jetpack_publicize_connections":[],"jetpack_sharing_enabled":true,"_links":{"self":[{"href":"https:\/\/multiples-store.de\/index.php?rest_route=\/wp\/v2\/product\/1099"}],"collection":[{"href":"https:\/\/multiples-store.de\/index.php?rest_route=\/wp\/v2\/product"}],"about":[{"href":"https:\/\/multiples-store.de\/index.php?rest_route=\/wp\/v2\/types\/product"}],"replies":[{"embeddable":true,"href":"https:\/\/multiples-store.de\/index.php?rest_route=%2Fwp%2Fv2%2Fcomments&post=1099"}],"wp:featuredmedia":[{"embeddable":true,"href":"https:\/\/multiples-store.de\/index.php?rest_route=\/wp\/v2\/media\/1101"}],"wp:attachment":[{"href":"https:\/\/multiples-store.de\/index.php?rest_route=%2Fwp%2Fv2%2Fmedia&parent=1099"}],"wp:term":[{"taxonomy":"product_cat","embeddable":true,"href":"https:\/\/multiples-store.de\/index.php?rest_route=%2Fwp%2Fv2%2Fproduct_cat&post=1099"},{"taxonomy":"product_tag","embeddable":true,"href":"https:\/\/multiples-store.de\/index.php?rest_route=%2Fwp%2Fv2%2Fproduct_tag&post=1099"}],"curies":[{"name":"wp","href":"https:\/\/api.w.org\/{rel}","templated":true}]}}