{"id":1091,"date":"2021-01-25T11:32:55","date_gmt":"2021-01-25T11:32:55","guid":{"rendered":"https:\/\/multiples-store.de\/?post_type=product&#038;p=1091"},"modified":"2021-01-25T11:32:55","modified_gmt":"2021-01-25T11:32:55","slug":"kurze-karierte-jacke","status":"publish","type":"product","link":"https:\/\/multiples-store.de\/?product=kurze-karierte-jacke","title":{"rendered":"Kurze karierte Jacke"},"content":{"rendered":"<p>Kurze karierte Jacke in beige, grau, petrol mit kleinem Kragen, 2 Klappentaschen und einer kleinen weiteren mit Rei\u00dfverschlu\u00df, 3 Manschettenkn\u00f6pfe am Armabschlu\u00df, petrolfarbenes Innenfutter<\/p>\n<p>Gr\u00f6\u00dfe 38, neuwertig, 1 x getragen<\/p>\n<p>45% Acryl, 25% Polyester, 25% Wolle, 5% andere Fasern<\/p>\n<p>Jobis<\/p>\n","protected":false},"excerpt":{"rendered":"<p>Kurze karierte Jacke in beige, grau, petrol mit kleinem Kragen, 2 Klappentaschen und einer kleinen weiteren mit Rei\u00dfverschlu\u00df, 3 Manschettenkn\u00f6pfe am Armabschlu\u00df, petrolfarbenes Innenfutter<\/p>\n<p>Gr\u00f6\u00dfe 38, neuwertig, 1 x getragen<\/p>\n<p>45% Acryl, 25% Polyester, 25% Wolle, 5% andere Fasern<\/p>\n<p>Jobis<\/p>\n","protected":false},"featured_media":1092,"comment_status":"open","ping_status":"closed","template":"","meta":{"jetpack_publicize_message":"","jetpack_is_tweetstorm":false,"jetpack_publicize_feature_enabled":true},"product_cat":[178],"product_tag":[186,198,197,184,183,180,181],"jetpack_publicize_connections":[],"jetpack_sharing_enabled":true,"_links":{"self":[{"href":"https:\/\/multiples-store.de\/index.php?rest_route=\/wp\/v2\/product\/1091"}],"collection":[{"href":"https:\/\/multiples-store.de\/index.php?rest_route=\/wp\/v2\/product"}],"about":[{"href":"https:\/\/multiples-store.de\/index.php?rest_route=\/wp\/v2\/types\/product"}],"replies":[{"embeddable":true,"href":"https:\/\/multiples-store.de\/index.php?rest_route=%2Fwp%2Fv2%2Fcomments&post=1091"}],"wp:featuredmedia":[{"embeddable":true,"href":"https:\/\/multiples-store.de\/index.php?rest_route=\/wp\/v2\/media\/1092"}],"wp:attachment":[{"href":"https:\/\/multiples-store.de\/index.php?rest_route=%2Fwp%2Fv2%2Fmedia&parent=1091"}],"wp:term":[{"taxonomy":"product_cat","embeddable":true,"href":"https:\/\/multiples-store.de\/index.php?rest_route=%2Fwp%2Fv2%2Fproduct_cat&post=1091"},{"taxonomy":"product_tag","embeddable":true,"href":"https:\/\/multiples-store.de\/index.php?rest_route=%2Fwp%2Fv2%2Fproduct_tag&post=1091"}],"curies":[{"name":"wp","href":"https:\/\/api.w.org\/{rel}","templated":true}]}}