{"id":1081,"date":"2021-01-25T11:17:28","date_gmt":"2021-01-25T11:17:28","guid":{"rendered":"https:\/\/multiples-store.de\/?post_type=product&#038;p=1081"},"modified":"2021-01-26T13:12:13","modified_gmt":"2021-01-26T13:12:13","slug":"pinkfarbenes-kleid-mit-schwarzem-einsatz","status":"publish","type":"product","link":"https:\/\/multiples-store.de\/?product=pinkfarbenes-kleid-mit-schwarzem-einsatz","title":{"rendered":"Pinkfarbenes Kleid mit schwarzem Einsatz"},"content":{"rendered":"<p>Extravagantes enganliegenes Strickkleid in dunklem Pink mit leicht gl\u00e4nzenden Partien und mit schwarzem durchscheinendem Einsatz am vorderen und r\u00fcckw\u00e4rtigen Ausschnitt.<\/p>\n<p>Gr\u00f6\u00dfe M, wenig getragen, kleiner Fehler am r\u00fcckw\u00e4rtigen schwarzen Einsatz<\/p>\n<p>95% Viskose, 3% Polyester, 2% Wolle<\/p>\n<p><strong>Just<\/strong>cavalli<\/p>\n","protected":false},"excerpt":{"rendered":"<p>Extravagantes enganliegenes Strickkleid in dunklem Pink mit leicht gl\u00e4nzenden Partien und mit schwarzem durchscheinendem Einsatz am vorderen und r\u00fcckw\u00e4rtigen Ausschnitt.<\/p>\n<p>Gr\u00f6\u00dfe M, wenig getragen, kleiner Fehler am r\u00fcckw\u00e4rtigen schwarzen Einsatz<\/p>\n<p>95% Viskose, 3% Polyester, 2% Wolle<\/p>\n<p><strong>Just<\/strong>cavalli<\/p>\n","protected":false},"featured_media":1082,"comment_status":"open","ping_status":"closed","template":"","meta":{"jetpack_publicize_message":"","jetpack_is_tweetstorm":false,"jetpack_publicize_feature_enabled":true},"product_cat":[178],"product_tag":[186,196,182,184,183,180,195,181],"jetpack_publicize_connections":[],"jetpack_sharing_enabled":true,"_links":{"self":[{"href":"https:\/\/multiples-store.de\/index.php?rest_route=\/wp\/v2\/product\/1081"}],"collection":[{"href":"https:\/\/multiples-store.de\/index.php?rest_route=\/wp\/v2\/product"}],"about":[{"href":"https:\/\/multiples-store.de\/index.php?rest_route=\/wp\/v2\/types\/product"}],"replies":[{"embeddable":true,"href":"https:\/\/multiples-store.de\/index.php?rest_route=%2Fwp%2Fv2%2Fcomments&post=1081"}],"wp:featuredmedia":[{"embeddable":true,"href":"https:\/\/multiples-store.de\/index.php?rest_route=\/wp\/v2\/media\/1082"}],"wp:attachment":[{"href":"https:\/\/multiples-store.de\/index.php?rest_route=%2Fwp%2Fv2%2Fmedia&parent=1081"}],"wp:term":[{"taxonomy":"product_cat","embeddable":true,"href":"https:\/\/multiples-store.de\/index.php?rest_route=%2Fwp%2Fv2%2Fproduct_cat&post=1081"},{"taxonomy":"product_tag","embeddable":true,"href":"https:\/\/multiples-store.de\/index.php?rest_route=%2Fwp%2Fv2%2Fproduct_tag&post=1081"}],"curies":[{"name":"wp","href":"https:\/\/api.w.org\/{rel}","templated":true}]}}