{"id":1077,"date":"2021-01-25T08:50:13","date_gmt":"2021-01-25T08:50:13","guid":{"rendered":"https:\/\/multiples-store.de\/?post_type=product&#038;p=1077"},"modified":"2021-01-25T08:50:13","modified_gmt":"2021-01-25T08:50:13","slug":"knallrotes-etuikleid-mit-gelbem-einsatz","status":"publish","type":"product","link":"https:\/\/multiples-store.de\/?product=knallrotes-etuikleid-mit-gelbem-einsatz","title":{"rendered":"Knallrotes Etuikleid mit gelbem Einsatz"},"content":{"rendered":"<p>Wundersch\u00f6nes Sommerkleid in knallrot mit einem gelben Einsatz am R\u00fccken. Das Kleid war mir zu eng und ich habe den Einsatz am R\u00fccken eingen\u00e4ht. Nun tr\u00e4gt es sich sehr angenehm. Es hat einen seitlichen Rei\u00dfverschlu\u00df und ist knielang. Ansonsten ist es sehr schlicht mit einem sch\u00f6nen runden Ausschnitt.<\/p>\n<p>Gr\u00f6\u00dfe: italienische 40, wenig getragen ohne Gebrauchsspuren und Sch\u00e4den<\/p>\n<p>PATRIZIA PEPE<\/p>\n<p>&nbsp;<\/p>\n","protected":false},"excerpt":{"rendered":"<p>Wundersch\u00f6nes Sommerkleid in knallrot mit einem gelben Einsatz am R\u00fccken. Das Kleid war mir zu eng und ich habe den Einsatz am R\u00fccken eingen\u00e4ht. Nun tr\u00e4gt es sich sehr angenehm. Es hat einen seitlichen Rei\u00dfverschlu\u00df und ist knielang. Ansonsten ist es sehr schlicht mit einem sch\u00f6nen runden Ausschnitt.<\/p>\n<p>Gr\u00f6\u00dfe: italienische 40, wenig getragen ohne Gebrauchsspuren und Sch\u00e4den<\/p>\n<p>97% Baumwolle, 3 % Elastan<\/p>\n<p>PATRIZIA PEPE<\/p>\n","protected":false},"featured_media":1078,"comment_status":"open","ping_status":"closed","template":"","meta":{"jetpack_publicize_message":"","jetpack_is_tweetstorm":false,"jetpack_publicize_feature_enabled":true},"product_cat":[178],"product_tag":[186,196,182,184,183,180,181],"jetpack_publicize_connections":[],"jetpack_sharing_enabled":true,"_links":{"self":[{"href":"https:\/\/multiples-store.de\/index.php?rest_route=\/wp\/v2\/product\/1077"}],"collection":[{"href":"https:\/\/multiples-store.de\/index.php?rest_route=\/wp\/v2\/product"}],"about":[{"href":"https:\/\/multiples-store.de\/index.php?rest_route=\/wp\/v2\/types\/product"}],"replies":[{"embeddable":true,"href":"https:\/\/multiples-store.de\/index.php?rest_route=%2Fwp%2Fv2%2Fcomments&post=1077"}],"wp:featuredmedia":[{"embeddable":true,"href":"https:\/\/multiples-store.de\/index.php?rest_route=\/wp\/v2\/media\/1078"}],"wp:attachment":[{"href":"https:\/\/multiples-store.de\/index.php?rest_route=%2Fwp%2Fv2%2Fmedia&parent=1077"}],"wp:term":[{"taxonomy":"product_cat","embeddable":true,"href":"https:\/\/multiples-store.de\/index.php?rest_route=%2Fwp%2Fv2%2Fproduct_cat&post=1077"},{"taxonomy":"product_tag","embeddable":true,"href":"https:\/\/multiples-store.de\/index.php?rest_route=%2Fwp%2Fv2%2Fproduct_tag&post=1077"}],"curies":[{"name":"wp","href":"https:\/\/api.w.org\/{rel}","templated":true}]}}