{"id":1073,"date":"2021-01-25T08:33:22","date_gmt":"2021-01-25T08:33:22","guid":{"rendered":"https:\/\/multiples-store.de\/?post_type=product&#038;p=1073"},"modified":"2021-01-25T08:33:49","modified_gmt":"2021-01-25T08:33:49","slug":"olivfarbenes-wickelkleid","status":"publish","type":"product","link":"https:\/\/multiples-store.de\/?product=olivfarbenes-wickelkleid","title":{"rendered":"Olivgr\u00fcnes Wickelkleid"},"content":{"rendered":"<p>Wundersch\u00f6nes Basicteil: Wickelkleid in olivgr\u00fcn aus leichtem Jerseystoff, knielang<\/p>\n<p>95% Viskose, 5 % Elasthan<\/p>\n<p>Gr\u00f6\u00dfe XS, neuwertig ohne Sch\u00e4den und Gebrauchsspuren<\/p>\n<p>Anne L. Women<\/p>\n","protected":false},"excerpt":{"rendered":"<p>Wundersch\u00f6nes Basicteil: Wickelkleid in olivgr\u00fcn aus leichtem Jerseystoff, knielang<\/p>\n<p>95% Viskose, 5 % Elasthan<\/p>\n<p>Gr\u00f6\u00dfe XS, neuwertig ohne Sch\u00e4den und Gebrauchsspuren<\/p>\n<p>Anne L. Women<\/p>\n","protected":false},"featured_media":1074,"comment_status":"open","ping_status":"closed","template":"","meta":{"jetpack_publicize_message":"","jetpack_is_tweetstorm":false,"jetpack_publicize_feature_enabled":true},"product_cat":[178],"product_tag":[186,182,184,183,180,195,181,194],"jetpack_publicize_connections":[],"jetpack_sharing_enabled":true,"_links":{"self":[{"href":"https:\/\/multiples-store.de\/index.php?rest_route=\/wp\/v2\/product\/1073"}],"collection":[{"href":"https:\/\/multiples-store.de\/index.php?rest_route=\/wp\/v2\/product"}],"about":[{"href":"https:\/\/multiples-store.de\/index.php?rest_route=\/wp\/v2\/types\/product"}],"replies":[{"embeddable":true,"href":"https:\/\/multiples-store.de\/index.php?rest_route=%2Fwp%2Fv2%2Fcomments&post=1073"}],"wp:featuredmedia":[{"embeddable":true,"href":"https:\/\/multiples-store.de\/index.php?rest_route=\/wp\/v2\/media\/1074"}],"wp:attachment":[{"href":"https:\/\/multiples-store.de\/index.php?rest_route=%2Fwp%2Fv2%2Fmedia&parent=1073"}],"wp:term":[{"taxonomy":"product_cat","embeddable":true,"href":"https:\/\/multiples-store.de\/index.php?rest_route=%2Fwp%2Fv2%2Fproduct_cat&post=1073"},{"taxonomy":"product_tag","embeddable":true,"href":"https:\/\/multiples-store.de\/index.php?rest_route=%2Fwp%2Fv2%2Fproduct_tag&post=1073"}],"curies":[{"name":"wp","href":"https:\/\/api.w.org\/{rel}","templated":true}]}}