{"id":1068,"date":"2021-01-25T08:11:45","date_gmt":"2021-01-25T08:11:45","guid":{"rendered":"https:\/\/multiples-store.de\/?post_type=product&#038;p=1068"},"modified":"2021-01-25T08:11:46","modified_gmt":"2021-01-25T08:11:46","slug":"kuscheliger-pullover","status":"publish","type":"product","link":"https:\/\/multiples-store.de\/?product=kuscheliger-pullover","title":{"rendered":"Kuscheliger Pullover"},"content":{"rendered":"<p>Braunschwarz melierter kuscheliger Basicpullover mit kleinem Rei\u00dfverschlu\u00df am Halsausschnitt, schlicht und schmal geschnitten.<\/p>\n<p>Gr\u00f6\u00dfe 38, 2 x getragen, ohne Sch\u00e4den<\/p>\n<p>70% Angora, 30% Polyamid<\/p>\n<p>H&amp;M Angora Blend<\/p>\n<p>&nbsp;<\/p>\n","protected":false},"excerpt":{"rendered":"<p>Braunschwarz melierter kuscheliger Basicpullover mit kleinem Rei\u00dfverschlu\u00df am Halsausschnitt, schlicht und schmal geschnitten.<\/p>\n<p>Gr\u00f6\u00dfe 38, 2 x getragen, ohne Sch\u00e4den<\/p>\n<p>70% Angora, 30% Polyamid<\/p>\n<p>H&amp;M Angora Blend<\/p>\n","protected":false},"featured_media":1070,"comment_status":"open","ping_status":"closed","template":"","meta":{"jetpack_publicize_message":"","jetpack_is_tweetstorm":false,"jetpack_publicize_feature_enabled":true},"product_cat":[178],"product_tag":[186,193,182,184,183,180,181],"jetpack_publicize_connections":[],"jetpack_sharing_enabled":true,"_links":{"self":[{"href":"https:\/\/multiples-store.de\/index.php?rest_route=\/wp\/v2\/product\/1068"}],"collection":[{"href":"https:\/\/multiples-store.de\/index.php?rest_route=\/wp\/v2\/product"}],"about":[{"href":"https:\/\/multiples-store.de\/index.php?rest_route=\/wp\/v2\/types\/product"}],"replies":[{"embeddable":true,"href":"https:\/\/multiples-store.de\/index.php?rest_route=%2Fwp%2Fv2%2Fcomments&post=1068"}],"wp:featuredmedia":[{"embeddable":true,"href":"https:\/\/multiples-store.de\/index.php?rest_route=\/wp\/v2\/media\/1070"}],"wp:attachment":[{"href":"https:\/\/multiples-store.de\/index.php?rest_route=%2Fwp%2Fv2%2Fmedia&parent=1068"}],"wp:term":[{"taxonomy":"product_cat","embeddable":true,"href":"https:\/\/multiples-store.de\/index.php?rest_route=%2Fwp%2Fv2%2Fproduct_cat&post=1068"},{"taxonomy":"product_tag","embeddable":true,"href":"https:\/\/multiples-store.de\/index.php?rest_route=%2Fwp%2Fv2%2Fproduct_tag&post=1068"}],"curies":[{"name":"wp","href":"https:\/\/api.w.org\/{rel}","templated":true}]}}