{"id":1064,"date":"2021-01-25T07:53:53","date_gmt":"2021-01-25T07:53:53","guid":{"rendered":"https:\/\/multiples-store.de\/?post_type=product&#038;p=1064"},"modified":"2021-01-25T07:54:50","modified_gmt":"2021-01-25T07:54:50","slug":"hellgraue-damenhose","status":"publish","type":"product","link":"https:\/\/multiples-store.de\/?product=hellgraue-damenhose","title":{"rendered":"Hellgraue Damenhose"},"content":{"rendered":"<p>Schmal geschnittene hellgraue Hose mit Seiten- und Ges\u00e4\u00dftaschen, Rei\u00dfverschlu\u00df und Knopf sowie G\u00fcrtelschlaufen.<\/p>\n<p>Sch\u00f6nes Basicteil. Gr\u00f6\u00dfe 36, wenig getragen, ohne Sch\u00e4den<\/p>\n<p>97% Baumwolle, 3 % Elastane<\/p>\n<p>Khakis by GAP<\/p>\n","protected":false},"excerpt":{"rendered":"<p>Schmal geschnittene hellgraue Hose mit Seiten- und Ges\u00e4\u00dftaschen, Rei\u00dfverschlu\u00df und Knopf sowie G\u00fcrtelschlaufen.<\/p>\n<p>Sch\u00f6nes Basicteil. Gr\u00f6\u00dfe 36, wenig getragen, ohne Sch\u00e4den<\/p>\n<p>97% Baumwolle, 3 % Elastane<\/p>\n<p>Khakis by GAP<\/p>\n","protected":false},"featured_media":1065,"comment_status":"open","ping_status":"closed","template":"","meta":{"jetpack_publicize_message":"","jetpack_is_tweetstorm":false,"jetpack_publicize_feature_enabled":true},"product_cat":[178],"product_tag":[192,186,182,184,183,180,181],"jetpack_publicize_connections":[],"jetpack_sharing_enabled":true,"_links":{"self":[{"href":"https:\/\/multiples-store.de\/index.php?rest_route=\/wp\/v2\/product\/1064"}],"collection":[{"href":"https:\/\/multiples-store.de\/index.php?rest_route=\/wp\/v2\/product"}],"about":[{"href":"https:\/\/multiples-store.de\/index.php?rest_route=\/wp\/v2\/types\/product"}],"replies":[{"embeddable":true,"href":"https:\/\/multiples-store.de\/index.php?rest_route=%2Fwp%2Fv2%2Fcomments&post=1064"}],"wp:featuredmedia":[{"embeddable":true,"href":"https:\/\/multiples-store.de\/index.php?rest_route=\/wp\/v2\/media\/1065"}],"wp:attachment":[{"href":"https:\/\/multiples-store.de\/index.php?rest_route=%2Fwp%2Fv2%2Fmedia&parent=1064"}],"wp:term":[{"taxonomy":"product_cat","embeddable":true,"href":"https:\/\/multiples-store.de\/index.php?rest_route=%2Fwp%2Fv2%2Fproduct_cat&post=1064"},{"taxonomy":"product_tag","embeddable":true,"href":"https:\/\/multiples-store.de\/index.php?rest_route=%2Fwp%2Fv2%2Fproduct_tag&post=1064"}],"curies":[{"name":"wp","href":"https:\/\/api.w.org\/{rel}","templated":true}]}}