{"id":1044,"date":"2021-01-25T06:49:40","date_gmt":"2021-01-25T06:49:40","guid":{"rendered":"https:\/\/multiples-store.de\/?post_type=product&#038;p=1044"},"modified":"2021-01-25T07:12:41","modified_gmt":"2021-01-25T07:12:41","slug":"schwarze-kragenlose-damenbluse","status":"publish","type":"product","link":"https:\/\/multiples-store.de\/?product=schwarze-kragenlose-damenbluse","title":{"rendered":"Schwarze kragenlose Damenbluse"},"content":{"rendered":"<p>Wunderbares Basicteil: schwarze Damenbluse mit V-Ausschnitt ohne Kragen zum Kn\u00f6pfen. Sch\u00f6ne Form durch Teilungsnaht unterhalb der Brust, 2 Kn\u00f6pfe an den Manschetten.<\/p>\n<p>Feiner, leichter Stoff in tiefschwarz<\/p>\n<p>78% Baumwolle, 19% Polyamid, 3% Polyurethan, Gr\u00f6\u00dfe 38, wenig getragen, keine Sch\u00e4den<\/p>\n<p>Joop!<\/p>\n","protected":false},"excerpt":{"rendered":"<p>Wunderbares Basicteil: schwarze Damenbluse mit V-Ausschnitt ohne Kragen zum Kn\u00f6pfen. Sch\u00f6ne Form durch Teilungsnaht unterhalb der Brust, 2 Kn\u00f6pfe an den Manschetten.<\/p>\n<p>Feiner, leichter Stoff in tiefschwarz<\/p>\n<p>78% Baumwolle, 19% Polyamid, 3% Polyurethan, Gr\u00f6\u00dfe 38, wenig getragen, keine Sch\u00e4den<\/p>\n<p>Joop!<\/p>\n","protected":false},"featured_media":1045,"comment_status":"open","ping_status":"closed","template":"","meta":{"jetpack_publicize_message":"","jetpack_is_tweetstorm":false,"jetpack_publicize_feature_enabled":true},"product_cat":[178],"product_tag":[179,186,182,184,183,180,181],"jetpack_publicize_connections":[],"jetpack_sharing_enabled":true,"_links":{"self":[{"href":"https:\/\/multiples-store.de\/index.php?rest_route=\/wp\/v2\/product\/1044"}],"collection":[{"href":"https:\/\/multiples-store.de\/index.php?rest_route=\/wp\/v2\/product"}],"about":[{"href":"https:\/\/multiples-store.de\/index.php?rest_route=\/wp\/v2\/types\/product"}],"replies":[{"embeddable":true,"href":"https:\/\/multiples-store.de\/index.php?rest_route=%2Fwp%2Fv2%2Fcomments&post=1044"}],"wp:featuredmedia":[{"embeddable":true,"href":"https:\/\/multiples-store.de\/index.php?rest_route=\/wp\/v2\/media\/1045"}],"wp:attachment":[{"href":"https:\/\/multiples-store.de\/index.php?rest_route=%2Fwp%2Fv2%2Fmedia&parent=1044"}],"wp:term":[{"taxonomy":"product_cat","embeddable":true,"href":"https:\/\/multiples-store.de\/index.php?rest_route=%2Fwp%2Fv2%2Fproduct_cat&post=1044"},{"taxonomy":"product_tag","embeddable":true,"href":"https:\/\/multiples-store.de\/index.php?rest_route=%2Fwp%2Fv2%2Fproduct_tag&post=1044"}],"curies":[{"name":"wp","href":"https:\/\/api.w.org\/{rel}","templated":true}]}}