{"id":1035,"date":"2021-01-24T14:08:01","date_gmt":"2021-01-24T14:08:01","guid":{"rendered":"https:\/\/multiples-store.de\/?post_type=product&#038;p=1035"},"modified":"2021-01-25T07:14:07","modified_gmt":"2021-01-25T07:14:07","slug":"kuscheliger-teddymantel","status":"publish","type":"product","link":"https:\/\/multiples-store.de\/?product=kuscheliger-teddymantel","title":{"rendered":"Kuscheliger Teddymantel"},"content":{"rendered":"<p>Wunderbar weicher, kuscheliger Teddymantel in hellgrau mit silbergrauem Innenfutter und 2 gro\u00dfen Taschen. Mit Druckkn\u00f6pfen zum Schlie\u00dfen, knielang.<\/p>\n<p>Neuwertig, ungetragen, Gr\u00f6\u00dfe 38<\/p>\n<p>100% Polyester<\/p>\n<p>White Label, Coats &amp; Jackets, RoFA FASHION GROUP<\/p>\n","protected":false},"excerpt":{"rendered":"<p>Wunderbar weicher, kuscheliger Teddymantel in hellgrau mit silbergrauem Innenfutter und 2 gro\u00dfen Taschen. Mit Druckkn\u00f6pfen zum Schlie\u00dfen, knielang.<\/p>\n<p>Neuwertig, ungetragen, Gr\u00f6\u00dfe 38<\/p>\n<p>100% Polyester<\/p>\n<p>White Label, Coats &amp; Jackets, RoFA FASHION GROUP<\/p>\n","protected":false},"featured_media":1036,"comment_status":"open","ping_status":"closed","template":"","meta":{"jetpack_publicize_message":"","jetpack_is_tweetstorm":false,"jetpack_publicize_feature_enabled":true},"product_cat":[178],"product_tag":[186,190,184,183,180,191,181],"jetpack_publicize_connections":[],"jetpack_sharing_enabled":true,"_links":{"self":[{"href":"https:\/\/multiples-store.de\/index.php?rest_route=\/wp\/v2\/product\/1035"}],"collection":[{"href":"https:\/\/multiples-store.de\/index.php?rest_route=\/wp\/v2\/product"}],"about":[{"href":"https:\/\/multiples-store.de\/index.php?rest_route=\/wp\/v2\/types\/product"}],"replies":[{"embeddable":true,"href":"https:\/\/multiples-store.de\/index.php?rest_route=%2Fwp%2Fv2%2Fcomments&post=1035"}],"wp:featuredmedia":[{"embeddable":true,"href":"https:\/\/multiples-store.de\/index.php?rest_route=\/wp\/v2\/media\/1036"}],"wp:attachment":[{"href":"https:\/\/multiples-store.de\/index.php?rest_route=%2Fwp%2Fv2%2Fmedia&parent=1035"}],"wp:term":[{"taxonomy":"product_cat","embeddable":true,"href":"https:\/\/multiples-store.de\/index.php?rest_route=%2Fwp%2Fv2%2Fproduct_cat&post=1035"},{"taxonomy":"product_tag","embeddable":true,"href":"https:\/\/multiples-store.de\/index.php?rest_route=%2Fwp%2Fv2%2Fproduct_tag&post=1035"}],"curies":[{"name":"wp","href":"https:\/\/api.w.org\/{rel}","templated":true}]}}